{"id":867,"date":"2018-01-04T19:21:11","date_gmt":"2018-01-04T18:21:11","guid":{"rendered":"http:\/\/kommunistische-debatte.de\/?page_id=867"},"modified":"2018-01-09T10:31:19","modified_gmt":"2018-01-09T09:31:19","slug":"wie-kann-ich-mich-an-der-debatte-beteiligen-2","status":"publish","type":"page","link":"https:\/\/kommunistische-debatte.de\/?page_id=867","title":{"rendered":"Wie kann ich mich an der Debatte beteiligen?"},"content":{"rendered":"<h1><\/h1>\n<div>\n<p>Beitr\u00e4ge k\u00f6nnen per E-Mail an die kommunistische-debatte.de gesandt werden. Wir werden den Beitrag umgehend und selbstverst\u00e4ndlich unverf\u00e4lscht ver\u00f6ffentlichen.<\/p>\n<p>Im Interesse einer effektiven Debatte empfehlen wir, den Beitrag namentlich zu kennzeichnen. Dies kann auch in Form von Initialen oder mit einem Alias geschehen. Auf Wunsch geben wir die E-Mail-Adresse des Autors bzw. der Autorin an.<\/p>\n<p>Gerne verweisen wir auch auf einen bereits im Internet vorhandenen Beitrag.<\/p>\n<p>Unser Ziel ist eine offene und \u00f6ffentliche kommunistische Debatte (siehe dazu auch <a href=\"https:\/\/kommunistische-debatte.de\/\">&#8222;Was wollen wir ?&#8220;<\/a>). Sollten wir hierzu andere technische Formen ben\u00f6tigen, als den hiermit eingeschlagenen Weg, sind wir bereit, uns in diese Richtung zu entwickeln.<\/p>\n<p>F\u00fcr Anregungen und Kritik zu diesem Projekt sind wir jederzeit offen.<\/p>\n<p>Kontaktadresse: <a href=\"mailto:webmaster@kommunistische-debatte.de\">webmaster@kommunistische-debatte.de<\/a><\/p>\n<\/div>\n","protected":false},"excerpt":{"rendered":"<p>Beitr\u00e4ge k\u00f6nnen per E-Mail an die kommunistische-debatte.de gesandt werden. Wir werden den Beitrag umgehend und selbstverst\u00e4ndlich unverf\u00e4lscht ver\u00f6ffentlichen. Im Interesse einer effektiven Debatte empfehlen wir, den Beitrag namentlich zu kennzeichnen. Dies kann auch in Form von Initialen oder mit einem Alias geschehen. Auf Wunsch geben wir die E-Mail-Adresse des Autors bzw. der Autorin an. Gerne &hellip; <a href=\"https:\/\/kommunistische-debatte.de\/?page_id=867\" class=\"more-link\"><span class=\"screen-reader-text\">Wie kann ich mich an der Debatte beteiligen?<\/span> weiterlesen<\/a><\/p>\n","protected":false},"author":2,"featured_media":0,"parent":0,"menu_order":0,"comment_status":"closed","ping_status":"closed","template":"","meta":{"footnotes":""},"class_list":["post-867","page","type-page","status-publish","hentry"],"_links":{"self":[{"href":"https:\/\/kommunistische-debatte.de\/index.php?rest_route=\/wp\/v2\/pages\/867","targetHints":{"allow":["GET"]}}],"collection":[{"href":"https:\/\/kommunistische-debatte.de\/index.php?rest_route=\/wp\/v2\/pages"}],"about":[{"href":"https:\/\/kommunistische-debatte.de\/index.php?rest_route=\/wp\/v2\/types\/page"}],"author":[{"embeddable":true,"href":"https:\/\/kommunistische-debatte.de\/index.php?rest_route=\/wp\/v2\/users\/2"}],"replies":[{"embeddable":true,"href":"https:\/\/kommunistische-debatte.de\/index.php?rest_route=%2Fwp%2Fv2%2Fcomments&post=867"}],"version-history":[{"count":7,"href":"https:\/\/kommunistische-debatte.de\/index.php?rest_route=\/wp\/v2\/pages\/867\/revisions"}],"predecessor-version":[{"id":1057,"href":"https:\/\/kommunistische-debatte.de\/index.php?rest_route=\/wp\/v2\/pages\/867\/revisions\/1057"}],"wp:attachment":[{"href":"https:\/\/kommunistische-debatte.de\/index.php?rest_route=%2Fwp%2Fv2%2Fmedia&parent=867"}],"curies":[{"name":"wp","href":"https:\/\/api.w.org\/{rel}","templated":true}]}}