{"id":83,"date":"2016-09-10T18:03:17","date_gmt":"2016-09-10T16:03:17","guid":{"rendered":"http:\/\/kommunistische-debatte.de\/?page_id=83"},"modified":"2018-01-05T12:06:07","modified_gmt":"2018-01-05T11:06:07","slug":"der-nationalsozialismus-angriff-des-kleinbuergertums-auf-die-moderne","status":"publish","type":"page","link":"https:\/\/kommunistische-debatte.de\/?page_id=83","title":{"rendered":"Der Nationalsozialismus: Angriff des Kleinb\u00fcrgertums auf die Moderne"},"content":{"rendered":"<p>Zuerst ver\u00f6ffentlicht in: Aufs\u00e4tze zur Diskussion (AzD), 22. Jg., Nr. 69, November 2000 (Teil 1) und AzD, 23. Jg., Nr. 70, Juli 2001 (Teil 2)<\/p>\n<h6>Von Kolja Wagner<\/h6>\n<h2>I. Ein soziales Programm f\u00fcr die Massen &#8211;<br \/>\nDer Aufstieg der NSDAP<\/h2>\n<h3><a href=\"https:\/\/kommunistische-debatte.de\/?page_id=96&amp;preview=true\">1. Einleitung: Die Republik auf t\u00f6nernen F\u00fc\u00dfen<\/a><\/h3>\n<h3><a href=\"https:\/\/kommunistische-debatte.de\/?page_id=99\">2. Vom Land die Stadt einnehmen<\/a><\/h3>\n<ul type=\"square\">\n<li>Landvolk, Blut und Boden<\/li>\n<li>Blut und Boden &#8211; die nationalsozialistische Programmatik<\/li>\n<li>Die SA und NSBO<\/li>\n<\/ul>\n<h3><a href=\"https:\/\/kommunistische-debatte.de\/?page_id=113\">3. Macht\u00fcbernahme im B\u00fcndnis<\/a><\/h3>\n<ul type=\"square\">\n<li>Die Herrschenden ohne soziale Basis<\/li>\n<\/ul>\n<h2>II. Die Lage der Klassen vor dem Krieg<\/h2>\n<h3><a href=\"https:\/\/kommunistische-debatte.de\/?page_id=134\">1. Aufstieg und Fall des Kleinb\u00fcrgertums<\/a><\/h3>\n<ul type=\"square\">\n<li>Die Zerschlagung der SA<\/li>\n<li>Gesicherte Plackerei des Mittelstandes<\/li>\n<\/ul>\n<h3><a href=\"https:\/\/kommunistische-debatte.de\/?page_id=139\">2. Die Neuordnung der Wirtschaft und das Kapital<\/a><\/h3>\n<ul type=\"square\">\n<li>Der Aufbau der Wirtschaft<\/li>\n<li>Schacht und Hitler &#8211; Die Achse des B\u00fcndnisses<\/li>\n<\/ul>\n<h3><a href=\"https:\/\/kommunistische-debatte.de\/?page_id=145&amp;preview=true\">3. Die Arbeiterklasse unterm Hakenkreuz<\/a><\/h3>\n<ul type=\"square\">\n<li>Zuckerbrot und Peitsche<\/li>\n<li>L\u00f6hne und Arbeitszeiten<\/li>\n<li>Aufstieg der DAF<\/li>\n<li>Kraft durch Freude<\/li>\n<li>Das Verh\u00e4ltnis der Arbeiterklasse zum NS-Staat<\/li>\n<\/ul>\n<h3><a href=\"https:\/\/kommunistische-debatte.de\/?page_id=150&amp;preview=true\">4. Stabilisierung der Bauernschaft<\/a><\/h3>\n<ul type=\"square\">\n<li>Der Reichsn\u00e4hrstand und Darr\u00e9s Bauernpolitik<\/li>\n<li>Banken und Junker<\/li>\n<li>Die Stabilisierung der Landwirtschaft<\/li>\n<\/ul>\n<h3><a href=\"https:\/\/kommunistische-debatte.de\/?page_id=154&amp;preview=true\">5. Abbau der Standesschranken und Aufstiegschancen<\/a><\/h3>\n<ul type=\"square\">\n<li>Die neue soziale Mobilit\u00e4t<\/li>\n<li>Volksgemeinschaft und Klassengesellschaft<\/li>\n<\/ul>\n<h2><a href=\"https:\/\/kommunistische-debatte.de\/?page_id=158&amp;preview=true\">III. Wendepunkte: SS, Junker und Schwerindustrie<\/a><\/h2>\n<h3>1. Einige Gedanken zur sozialen Dynamik des Krieges<\/h3>\n<h3>2. Wendepunkt: Die Entmachtung der Schwerindustrie<\/h3>\n<ul type=\"square\">\n<li>Aufstieg der IG-Farben<\/li>\n<li>Die &#8222;Reichswerke&#8220; und der Widerstand der Schwerindustrie<\/li>\n<\/ul>\n<h3>3. Der Angriff auf die Junker<\/h3>\n<ul type=\"square\">\n<li>Die Nazifizierung der Wehrmacht<\/li>\n<li>Die Wehrmacht und die Aggression<\/li>\n<li>Von der Junker- zur Volksarmee<\/li>\n<\/ul>\n<h3>4. Auf dem Weg zum SS-Staat<\/h3>\n<ul type=\"square\">\n<li>Die Pr\u00e4torianergarde der Bauernschaft<\/li>\n<li>Der doppelte Staatsapparat<\/li>\n<\/ul>\n<h2>IV. Die sozialen Triebkr\u00e4fte des Krieges<\/h2>\n<h3><a href=\"https:\/\/kommunistische-debatte.de\/?page_id=162\">1. Die Pl\u00e4ne und Strategien der Aggression<\/a><\/h3>\n<ul type=\"square\">\n<li>Krieg f\u00fcr den b\u00e4uerlichen Rassenstaat<\/li>\n<li>Die Konkretisierung der Siedlungspl\u00e4ne<\/li>\n<li>Die &#8222;Kontinentalblock&#8220;-Strategie &#8211; Alles gegen das Empire!<\/li>\n<li>Revanchekrieg gegen den Osten &#8211; Die Junker<\/li>\n<li>Die Bedeutung der Kriegsplanungen<\/li>\n<\/ul>\n<h3><a href=\"https:\/\/kommunistische-debatte.de\/?page_id=177&amp;preview=true\">2. Kampf im Westen &#8211; R\u00fccken frei f\u00fcr den Siedlungskrieg<\/a><\/h3>\n<ul type=\"square\">\n<li>Phase der &#8222;friedlichen&#8220; Revisionspolitik<\/li>\n<li>Der gescheiterte Deal mit dem Empire<\/li>\n<li>Kriegspolitik im Westen &#8211; Revision des Versailler Vertrages?<\/li>\n<\/ul>\n<h3><a href=\"https:\/\/kommunistische-debatte.de\/?page_id=181\">3. Krieg auf dem Balkan und in Afrika<\/a><\/h3>\n<ul type=\"square\">\n<li>Das deutsche Eingreifen &#8211; Kampf um Kolonien?<\/li>\n<\/ul>\n<h3><a href=\"https:\/\/kommunistische-debatte.de\/?page_id=189&amp;preview=true\">4. Siedlungskrieg im Osten<\/a><\/h3>\n<ul type=\"square\">\n<li>Sieg der Siedlungskrieger<\/li>\n<li>Vernichtung und Siedlung<\/li>\n<\/ul>\n<h3><a href=\"https:\/\/kommunistische-debatte.de\/?page_id=193\">5. Kampf um die Weltmacht mit den USA?<\/a><\/h3>\n<ul type=\"square\">\n<li>Die USA aus dem Krieg heraus halten<\/li>\n<\/ul>\n<h3><a href=\"https:\/\/kommunistische-debatte.de\/?page_id=197&amp;preview=true\">6. Ursachen der nationalsozialistischen Niederlage<\/a><\/h3>\n<h2><a href=\"https:\/\/kommunistische-debatte.de\/?page_id=162\">V. Die deutsche Gesellschaft im Krieg<\/a><\/h2>\n<h3>1. Die Lage des Kapitals<\/h3>\n<ul type=\"square\">\n<li>Die &#8222;Selbstverantwortung&#8220; der Industrie und die Kriegsgewinne<\/li>\n<li>Der Kampf der SS gegen den wachsenden Einflu\u00df des Kapitals<\/li>\n<\/ul>\n<h3>2. Bis zur letzten Kugel &#8211; Die Arbeiterklasse<\/h3>\n<ul type=\"square\">\n<li>Lohn- und Sozialpolitik<\/li>\n<li>Durchhalten f\u00fcr den Sieg<\/li>\n<\/ul>\n<h3>3. &#8222;Ausk\u00e4mmung&#8220; und Siedlung: Kleinb\u00fcrgertum und Bauernschaft<\/h3>\n<ul type=\"square\">\n<li>Unter dem Hammer des Krieges<\/li>\n<li>Die stabile Landwirtschaft<\/li>\n<\/ul>\n<h3>4. Der 20. Juli &#8211; Der Aufstand der Junker<\/h3>\n<ul type=\"square\">\n<li>Das Programm<\/li>\n<li>Ende der alten Elite<\/li>\n<\/ul>\n<h2><a href=\"https:\/\/kommunistische-debatte.de\/?page_id=214&amp;preview=true\">VI. Schlu\u00df<\/a><\/h2>\n<h3>1. Hitler &#8211; Vertreter des untergehenden Kleinb\u00fcrgertums<\/h3>\n<h3>2. Eine Herrschaft f\u00fcr Bauernschaft und Kleinb\u00fcrgertum<\/h3>\n<h2><a href=\"https:\/\/kommunistische-debatte.de\/?page_id=218&amp;preview=true\">VII. Anmerkungen, Literatur und Abk\u00fcrzungsverzeichnis<\/a><\/h2>\n","protected":false},"excerpt":{"rendered":"<p>Zuerst ver\u00f6ffentlicht in: Aufs\u00e4tze zur Diskussion (AzD), 22. Jg., Nr. 69, November 2000 (Teil 1) und AzD, 23. Jg., Nr. 70, Juli 2001 (Teil 2) Von Kolja Wagner I. Ein soziales Programm f\u00fcr die Massen &#8211; Der Aufstieg der NSDAP 1. Einleitung: Die Republik auf t\u00f6nernen F\u00fc\u00dfen 2. Vom Land die Stadt einnehmen Landvolk, Blut &hellip; <a href=\"https:\/\/kommunistische-debatte.de\/?page_id=83\" class=\"more-link\"><span class=\"screen-reader-text\">Der Nationalsozialismus: Angriff des Kleinb\u00fcrgertums auf die Moderne<\/span> weiterlesen<\/a><\/p>\n","protected":false},"author":1,"featured_media":0,"parent":0,"menu_order":0,"comment_status":"closed","ping_status":"closed","template":"","meta":{"footnotes":""},"class_list":["post-83","page","type-page","status-publish","hentry"],"_links":{"self":[{"href":"https:\/\/kommunistische-debatte.de\/index.php?rest_route=\/wp\/v2\/pages\/83","targetHints":{"allow":["GET"]}}],"collection":[{"href":"https:\/\/kommunistische-debatte.de\/index.php?rest_route=\/wp\/v2\/pages"}],"about":[{"href":"https:\/\/kommunistische-debatte.de\/index.php?rest_route=\/wp\/v2\/types\/page"}],"author":[{"embeddable":true,"href":"https:\/\/kommunistische-debatte.de\/index.php?rest_route=\/wp\/v2\/users\/1"}],"replies":[{"embeddable":true,"href":"https:\/\/kommunistische-debatte.de\/index.php?rest_route=%2Fwp%2Fv2%2Fcomments&post=83"}],"version-history":[{"count":32,"href":"https:\/\/kommunistische-debatte.de\/index.php?rest_route=\/wp\/v2\/pages\/83\/revisions"}],"predecessor-version":[{"id":897,"href":"https:\/\/kommunistische-debatte.de\/index.php?rest_route=\/wp\/v2\/pages\/83\/revisions\/897"}],"wp:attachment":[{"href":"https:\/\/kommunistische-debatte.de\/index.php?rest_route=%2Fwp%2Fv2%2Fmedia&parent=83"}],"curies":[{"name":"wp","href":"https:\/\/api.w.org\/{rel}","templated":true}]}}