{"id":8,"date":"2016-09-08T19:59:46","date_gmt":"2016-09-08T17:59:46","guid":{"rendered":"http:\/\/kommunistische-debatte.de\/?page_id=8"},"modified":"2020-05-27T12:42:23","modified_gmt":"2020-05-27T10:42:23","slug":"ueber-uns","status":"publish","type":"page","link":"https:\/\/kommunistische-debatte.de\/","title":{"rendered":"Kommunistische Debatte"},"content":{"rendered":"<div>\n<p style=\"text-align: left;\" align=\"center\"><span style=\"font-family: times new roman, times, serif; font-size: 24pt;\"><b>Was wollen wir?<\/b><\/span><\/p>\n<p style=\"text-align: left;\"><span style=\"font-family: times new roman, times, serif; font-size: 14pt;\">Wie der Name des Internet-Projekts &#8222;Kommunistische Debatte&#8220; vorgibt, haben wir die Absicht, einen Beitrag zur Debatte \u00fcber die theoretischen und politischen Grundfragen der linken und kommunistischen Kr\u00e4fte in der Bundesrepublik Deutschland zu leisten bzw. einer solchen Diskussion eine \u00f6ffentliche Plattform zur Verf\u00fcgung zu stellen. Unsere Sicht dieser Grundfragen ergibt sich aus den Schwerpunkten unserer eigenen Arbeit (die Auflistung spiegelt auch die gegenw\u00e4rtige Rangfolge der Themen wieder):<\/span><\/p>\n<ul>\n<li><span style=\"font-family: times new roman, times, serif; font-size: 14pt;\">Geschichte der Arbeiterbewegung: Die Gr\u00fcnde f\u00fcr die Niederlagen der Arbeiterbewegung in Europa und Asien sind bisher unzureichend aufgearbeitet. Ohne Kl\u00e4rung der Ursachen kann keine erfolgreiche Politik in der Zukunft betrieben werden.<\/span><\/li>\n<li><span style=\"font-family: times new roman, times, serif; font-size: 14pt;\">Analyse der gesellschaftlichen Verh\u00e4ltnisse in der BRD und der Rolle der BRD in der internationalen Politik.<\/span><\/li>\n<li><span style=\"font-family: times new roman, times, serif; font-size: 14pt;\">Teilnahme an der aktuellen politischen Debatte der Linken.<\/span><\/li>\n<\/ul>\n<p><span style=\"font-family: times new roman, times, serif; font-size: 14pt;\"><a name=\"_GoBack\"><\/a> Die Tr\u00e4ger des Projekts kommen aus den Reihen der westdeutschen ml-Bewegung, von der sie sich in den 70er Jahren gel\u00f6st haben. Sie verfechten zu allen drei Bereichen Ansichten, die sich in Abgrenzung zu den vorherrschenden Positionen der deutschen Linken entwickelt haben. Die konkreten Positionen gehen aus den Texten hervor, die gro\u00dfenteils in der Zeitschrift <a href=\"https:\/\/kommunistische-debatte.de\/?page_id=851&amp;preview=true\">&#8222;Aufs\u00e4tze zur Diskussion&#8220;<\/a> bzw. eigenst\u00e4ndigen Publikationen ver\u00f6ffentlicht worden sind.<\/span><\/p>\n<p><span style=\"font-family: times new roman, times, serif; font-size: 14pt;\">Die Seiten dieses Projektes stehen allen Interessierten offen. <i>Die kontroverse Debatte ist die ausdr\u00fcckliche Absicht der Betreiber dieses Projektes<\/i> (siehe hierzu: <a href=\"https:\/\/kommunistische-debatte.de\/?page_id=867&amp;preview=true\"><span style=\"color: #0000ff;\"><u>Beitrag senden<\/u><\/span><\/a>).<\/span><\/p>\n<\/div>\n","protected":false},"excerpt":{"rendered":"<p>Was wollen wir? Wie der Name des Internet-Projekts &#8222;Kommunistische Debatte&#8220; vorgibt, haben wir die Absicht, einen Beitrag zur Debatte \u00fcber die theoretischen und politischen Grundfragen der linken und kommunistischen Kr\u00e4fte in der Bundesrepublik Deutschland zu leisten bzw. einer solchen Diskussion eine \u00f6ffentliche Plattform zur Verf\u00fcgung zu stellen. Unsere Sicht dieser Grundfragen ergibt sich aus den &hellip; <a href=\"https:\/\/kommunistische-debatte.de\/\" class=\"more-link\"><span class=\"screen-reader-text\">Kommunistische Debatte<\/span> weiterlesen<\/a><\/p>\n","protected":false},"author":1,"featured_media":0,"parent":0,"menu_order":0,"comment_status":"closed","ping_status":"closed","template":"","meta":{"footnotes":""},"class_list":["post-8","page","type-page","status-publish","hentry"],"_links":{"self":[{"href":"https:\/\/kommunistische-debatte.de\/index.php?rest_route=\/wp\/v2\/pages\/8","targetHints":{"allow":["GET"]}}],"collection":[{"href":"https:\/\/kommunistische-debatte.de\/index.php?rest_route=\/wp\/v2\/pages"}],"about":[{"href":"https:\/\/kommunistische-debatte.de\/index.php?rest_route=\/wp\/v2\/types\/page"}],"author":[{"embeddable":true,"href":"https:\/\/kommunistische-debatte.de\/index.php?rest_route=\/wp\/v2\/users\/1"}],"replies":[{"embeddable":true,"href":"https:\/\/kommunistische-debatte.de\/index.php?rest_route=%2Fwp%2Fv2%2Fcomments&post=8"}],"version-history":[{"count":11,"href":"https:\/\/kommunistische-debatte.de\/index.php?rest_route=\/wp\/v2\/pages\/8\/revisions"}],"predecessor-version":[{"id":1990,"href":"https:\/\/kommunistische-debatte.de\/index.php?rest_route=\/wp\/v2\/pages\/8\/revisions\/1990"}],"wp:attachment":[{"href":"https:\/\/kommunistische-debatte.de\/index.php?rest_route=%2Fwp%2Fv2%2Fmedia&parent=8"}],"curies":[{"name":"wp","href":"https:\/\/api.w.org\/{rel}","templated":true}]}}