{"id":710,"date":"2017-08-08T13:07:54","date_gmt":"2017-08-08T11:07:54","guid":{"rendered":"http:\/\/kommunistische-debatte.de\/?page_id=710"},"modified":"2018-11-26T17:01:20","modified_gmt":"2018-11-26T16:01:20","slug":"710-2","status":"publish","type":"page","link":"https:\/\/kommunistische-debatte.de\/?page_id=710","title":{"rendered":""},"content":{"rendered":"<p align=\"center\"><span style=\"font-size: xx-large; font-family: times new roman,times,serif;\"><b>Kriegsfragen<\/b><\/span><\/p>\n<p><span style=\"font-family: times new roman,times,serif;\"><i>Unter diesem Titel werden mehrere Beitr\u00e4ge ver\u00f6ffentlicht, die zuvor an unterschiedlicher Stelle erschienen sind:<\/i><\/span><span style=\"font-family: times new roman,times,serif;\"><i><br \/>\n1. Weltkrieg und b\u00fcrgerliche Revolutionsepoche (Thesen)<br \/>\n2. Die zerbrochene Hegemonie. Der Weltkrieg als Kampf um die Herrschaft in Deutschland<br \/>\n3. Kriegsfragen. Warum der 1.Weltkrieg nicht mit Lenins Imperialismustheorie zu erkl\u00e4ren ist<\/i><\/span><\/p>\n<p align=\"center\"><span style=\"font-family: times new roman,times,serif;\"><a href=\"https:\/\/kommunistische-debatte.de\/?page_id=1109&amp;preview=true\"><span style=\"font-size: x-large;\"><b>1. Weltkrieg und b\u00fcrgerliche Revolutionsepoche (Thesen)<\/b><\/span><\/a><\/span><\/p>\n<p align=\"center\"><span style=\"font-family: times new roman,times,serif;\"><i>(Zuerst erschienen in: Aufs\u00e4tze zur Diskussion Nr. 82, Dezember 2014)<\/i><\/span><\/p>\n<h4 style=\"text-align: center;\"><span style=\"font-family: times new roman, times, serif; font-size: 18pt;\"><b><a href=\"https:\/\/kommunistische-debatte.de\/?page_id=1113&amp;preview=true\">2. Die zerbrochene Hegemonie<\/a><br \/>\nDer Weltkrieg als Kampf um die Herrschaft in Deutschland<\/b><\/span><\/h4>\n<p style=\"text-align: center;\"><span style=\"font-family: times new roman, times, serif;\"><i>(Zuerst erschienen in: Karuscheit\/Wernecke\/Wollenberg\/Wegner: &#8222;Macht und Krieg. Hegemonialkonstellationen und Erster Weltkrieg&#8220;; VSA, Hamburg 2014; leicht \u00fcberarbeitet)<\/i><\/span><i><\/i><\/p>\n<h4 align=\"center\"><a href=\"https:\/\/kommunistische-debatte.de\/?page_id=1118&amp;preview=true\"><b>3. Warum der 1.Weltkrieg nicht mit Lenins Imperialismustheorie zu erkl\u00e4ren ist<\/b><\/a><\/h4>\n<p align=\"center\"><span style=\"font-family: times new roman, times, serif;\"><i>(Zuerst erschienen in: Karuscheit\/Wernecke\/Wollenberg\/Wegner: &#8222;Macht und Krieg. Hegemonialkonstellationen und Erster Weltkrieg&#8220;; VSA, Hamburg 2014;\u00a0\u00a0\u00a0\u00a0\u00a0\u00a0\u00a0\u00a0\u00a0\u00a0\u00a0\u00a0\u00a0 <\/i><\/span><span style=\"font-family: times new roman, times, serif;\"><i>umgearbeitet und erweitert)<\/i><\/span><\/p>\n<div id=\"sdfootnote35\">\n<p class=\"sdendnote\">\n<\/div>\n","protected":false},"excerpt":{"rendered":"<p>Kriegsfragen Unter diesem Titel werden mehrere Beitr\u00e4ge ver\u00f6ffentlicht, die zuvor an unterschiedlicher Stelle erschienen sind: 1. Weltkrieg und b\u00fcrgerliche Revolutionsepoche (Thesen) 2. Die zerbrochene Hegemonie. Der Weltkrieg als Kampf um die Herrschaft in Deutschland 3. Kriegsfragen. Warum der 1.Weltkrieg nicht mit Lenins Imperialismustheorie zu erkl\u00e4ren ist 1. Weltkrieg und b\u00fcrgerliche Revolutionsepoche (Thesen) (Zuerst erschienen in: &hellip; <a href=\"https:\/\/kommunistische-debatte.de\/?page_id=710\" class=\"more-link\"><span class=\"screen-reader-text\"><\/span> weiterlesen<\/a><\/p>\n","protected":false},"author":1,"featured_media":0,"parent":686,"menu_order":0,"comment_status":"closed","ping_status":"closed","template":"","meta":{"footnotes":""},"class_list":["post-710","page","type-page","status-publish","hentry"],"_links":{"self":[{"href":"https:\/\/kommunistische-debatte.de\/index.php?rest_route=\/wp\/v2\/pages\/710","targetHints":{"allow":["GET"]}}],"collection":[{"href":"https:\/\/kommunistische-debatte.de\/index.php?rest_route=\/wp\/v2\/pages"}],"about":[{"href":"https:\/\/kommunistische-debatte.de\/index.php?rest_route=\/wp\/v2\/types\/page"}],"author":[{"embeddable":true,"href":"https:\/\/kommunistische-debatte.de\/index.php?rest_route=\/wp\/v2\/users\/1"}],"replies":[{"embeddable":true,"href":"https:\/\/kommunistische-debatte.de\/index.php?rest_route=%2Fwp%2Fv2%2Fcomments&post=710"}],"version-history":[{"count":13,"href":"https:\/\/kommunistische-debatte.de\/index.php?rest_route=\/wp\/v2\/pages\/710\/revisions"}],"predecessor-version":[{"id":1528,"href":"https:\/\/kommunistische-debatte.de\/index.php?rest_route=\/wp\/v2\/pages\/710\/revisions\/1528"}],"up":[{"embeddable":true,"href":"https:\/\/kommunistische-debatte.de\/index.php?rest_route=\/wp\/v2\/pages\/686"}],"wp:attachment":[{"href":"https:\/\/kommunistische-debatte.de\/index.php?rest_route=%2Fwp%2Fv2%2Fmedia&parent=710"}],"curies":[{"name":"wp","href":"https:\/\/api.w.org\/{rel}","templated":true}]}}