{"id":517,"date":"2016-09-14T14:12:45","date_gmt":"2016-09-14T12:12:45","guid":{"rendered":"http:\/\/kommunistische-debatte.de\/?page_id=517"},"modified":"2018-01-04T10:06:22","modified_gmt":"2018-01-04T09:06:22","slug":"debatte-kolja-wagner-heiner-karuscheit-alfred-schroeder-petra-bach-sozialismus-und-demokratie","status":"publish","type":"page","link":"https:\/\/kommunistische-debatte.de\/?page_id=517","title":{"rendered":"Debatte"},"content":{"rendered":"<div>\n<h1>Sozialismus und Demokratie<\/h1>\n<p>Die beiden hier dokumentierten Artikel Kolja Wagners<\/p>\n<ul>\n<li><a href=\"https:\/\/kommunistische-debatte.de\/?page_id=525&amp;preview=true\">Anmerkungen zu Stalins Weg zum Sozialismus und Heiner Karuscheits &#8222;barbarisch-b\u00e4uerlichem&#8220; Proletariat<\/a><\/li>\n<\/ul>\n<p>und<\/p>\n<ul>\n<li><a href=\"https:\/\/kommunistische-debatte.de\/?page_id=528&amp;preview=true\">Gedanken zu Sozialismus und Demokratie<\/a><\/li>\n<\/ul>\n<p>stie\u00dfen im Tr\u00e4gerkreis unserer Web-Site auf breite Kritik.<\/p>\n<p>Sowohl die wissenschaftliche Methode der Artikel, wie die dort bezogenen Positionen sind unserer Auffassung nach mit der <i>Mitgliedschaft im Tr\u00e4gerkreis<\/i> der Web-Site der &#8222;Kommunistischen Debatte&#8220; unvereinbar. Das Ergebnis der Debatte war der Ausschluss Kolja Wagners (mit einer Gegenstimme) aus dem Tr\u00e4gerkreis unserer Web-Site.<\/p>\n<p>Uns liegt daran klarzustellen, dass es nicht Wagners Positionen zur Geschichte der Arbeiterbewegung (und hier speziell zur sog. &#8222;Stalin-Frage&#8220;) waren, die zu seinem Ausschluss f\u00fchrten, sondern die politischen Positionen, die er zu den Fragen von Demokratie, Staat und Sozialismus bezogen hat, sowie die von ihm praktizierte wissenschaftliche Methode.<\/p>\n<p>Wir ver\u00f6ffentlichen Wagners Artikel, sowie die Antworten von:<\/p>\n<ul>\n<li>Heiner Karuscheit: <a href=\"https:\/\/kommunistische-debatte.de\/?page_id=531&amp;preview=true\">\u00dcber Stalin und den Stalinismus<\/a>,<\/li>\n<\/ul>\n<ul>\n<li>Alfred Schr\u00f6der: <a href=\"https:\/\/kommunistische-debatte.de\/?page_id=509\">Demokratie, Staat und Menschenrechte<\/a> und<\/li>\n<\/ul>\n<ul>\n<li>Petra Bach: <a href=\"https:\/\/kommunistische-debatte.de\/?page_id=534&amp;preview=true\">Massengesellschaft statt Klassengesellschaft &#8211; Kolja Wagners Gedanken zur Klassenanalyse<\/a>,<\/li>\n<\/ul>\n<p>damit die Auseinandersetzung und Trennung \u00f6ffentlich nachvollziehbar wird.<\/p>\n<p>Die <i>kursiv<\/i> gesetzten Passagen in Wagners Artikel &#8222;Gedanken zu Sozialismus und Demokratie&#8220; sind von ihm selbst vorgenommene \u00c4nderungen seines Artikels, <i>nach<\/i> der Diskussion im Tr\u00e4gerkreis.<\/p>\n<p>Alfred Schr\u00f6der<\/p>\n<\/div>\n","protected":false},"excerpt":{"rendered":"<p>Sozialismus und Demokratie Die beiden hier dokumentierten Artikel Kolja Wagners Anmerkungen zu Stalins Weg zum Sozialismus und Heiner Karuscheits &#8222;barbarisch-b\u00e4uerlichem&#8220; Proletariat und Gedanken zu Sozialismus und Demokratie stie\u00dfen im Tr\u00e4gerkreis unserer Web-Site auf breite Kritik. Sowohl die wissenschaftliche Methode der Artikel, wie die dort bezogenen Positionen sind unserer Auffassung nach mit der Mitgliedschaft im Tr\u00e4gerkreis &hellip; <a href=\"https:\/\/kommunistische-debatte.de\/?page_id=517\" class=\"more-link\"><span class=\"screen-reader-text\">Debatte<\/span> weiterlesen<\/a><\/p>\n","protected":false},"author":1,"featured_media":0,"parent":0,"menu_order":0,"comment_status":"closed","ping_status":"closed","template":"","meta":{"footnotes":""},"class_list":["post-517","page","type-page","status-publish","hentry"],"_links":{"self":[{"href":"https:\/\/kommunistische-debatte.de\/index.php?rest_route=\/wp\/v2\/pages\/517","targetHints":{"allow":["GET"]}}],"collection":[{"href":"https:\/\/kommunistische-debatte.de\/index.php?rest_route=\/wp\/v2\/pages"}],"about":[{"href":"https:\/\/kommunistische-debatte.de\/index.php?rest_route=\/wp\/v2\/types\/page"}],"author":[{"embeddable":true,"href":"https:\/\/kommunistische-debatte.de\/index.php?rest_route=\/wp\/v2\/users\/1"}],"replies":[{"embeddable":true,"href":"https:\/\/kommunistische-debatte.de\/index.php?rest_route=%2Fwp%2Fv2%2Fcomments&post=517"}],"version-history":[{"count":11,"href":"https:\/\/kommunistische-debatte.de\/index.php?rest_route=\/wp\/v2\/pages\/517\/revisions"}],"predecessor-version":[{"id":834,"href":"https:\/\/kommunistische-debatte.de\/index.php?rest_route=\/wp\/v2\/pages\/517\/revisions\/834"}],"wp:attachment":[{"href":"https:\/\/kommunistische-debatte.de\/index.php?rest_route=%2Fwp%2Fv2%2Fmedia&parent=517"}],"curies":[{"name":"wp","href":"https:\/\/api.w.org\/{rel}","templated":true}]}}