{"id":487,"date":"2016-09-14T09:44:18","date_gmt":"2016-09-14T07:44:18","guid":{"rendered":"http:\/\/kommunistische-debatte.de\/?page_id=487"},"modified":"2016-09-14T09:44:18","modified_gmt":"2016-09-14T07:44:18","slug":"antwort-an-herrn-alfred-schroeder","status":"publish","type":"page","link":"https:\/\/kommunistische-debatte.de\/?page_id=487","title":{"rendered":"Antwort an Herrn Alfred Schr\u00f6der"},"content":{"rendered":"<h5>Von Gudrun Eussner<\/h5>\n<div>\n<p><i>Relativ einhellig wird dagegen die in Afghanistan begonnene Kriegskampagne der USA mit den &#8222;Wirtschafts- und \u00d6linteressen des Westens&#8220; begr\u00fcndet. Es &#8222;riecht nach \u00d6l und es geht um \u00d6lpipelines. F\u00fcr die USA geht es vor allem um das kasachische und turkmenische \u00d6l.&#8220; (Arbeiterstimme, Dezember 2001). Oder um nur eines von vielen gleichartigen Zitaten aus Kalaschnikow-online anzuf\u00fchren: &#8222;Dieser Krieg wurde nicht nur f\u00fcr Unocal gef\u00fchrt (von den Gewinnen f\u00fcr die R\u00fcstungsfirmen wie die aus dem Portfolio der Carlyle Group nicht zu reden), sondern auch f\u00fcr weitere Erd\u00f6lfirmen, f\u00fcr Chevron Texaco, Exxon Mobil, Arco, die franz\u00f6sische Total Fina Elf, British Petroleum, Royal Dutch Shell und andere, die Hunderte von Milliarden Dollar in der Region investiert haben. Sie alle m\u00fcssen die Bodensch\u00e4tze aus der Kaspischen Region an die europ\u00e4ischen und asiatischen M\u00e4rkte transportieren. Daf\u00fcr ist der \u201aKrieg gegen den Terrorismus\u2018 da, daf\u00fcr werden die st\u00f6rrischen Taliban beseitigt und Osama bin Laden gejagt.&#8220; So kommentiert Gen. Eussner seit Monaten weitgehend unwidersprochen die Ereignisse in der Onlinezeitung www.kalaschnikow.de.<\/i><\/p>\n<p>Danke f\u00fcr den Tip, lieber Herr Schr\u00f6der. Ich habe meine Einsch\u00e4tzungen nicht aus der Lekt\u00fcre von Karl Marx, ich bin auch keine Genossin. Ich habe ebenfalls die Aktionen der US-Regierung nicht auf \u00f6konomische Interessen reduziert, sondern nur versucht, nicht vordergr\u00fcndig bei Terrorismus- und al-Qaeda-Bek\u00e4mpfung zu bleiben, sondern die Fakten zu sichten.<\/p>\n<p>Bis heute habe ich nirgendwo gelesen, was &#8222;al-Qaeda&#8220; ist. Sind es Menschen, Dollars, Strukturen, alles zusammen? Meiner Meinung nach ist al-Qaeda ein Popanz.<\/p>\n<p>Das Zitat aus meinem Artikel ist nicht ganz g\u00fcnstig gew\u00e4hlt, meine Argumente zu widerlegen, denn hierf\u00fcr gibt es eine derartige F\u00fclle von Belegen, da\u00df ich sie gar nicht alle aufz\u00e4hlen k\u00f6nnte.<\/p>\n<p>Beispielsweise wurde schon den Taliban von den US-Unterh\u00e4ndlern erkl\u00e4rt, da\u00df sie entweder einen Teppich von Gold annehmen m\u00f6gen f\u00fcr die Konzession zum Pipelinebau, oder da\u00df sie unter den Teppich gebombt w\u00fcrden.<\/p>\n<p>Die Bodensch\u00e4tze, 75 Prozent aller Konzessionen in Zentralasien, der Region ohne Zugang zum Meer, geh\u00f6ren inzwischen den US-Konzernen. Wie bitte, wollen sie die auf die M\u00e4rkte bringen, wenn st\u00f6rrische Fundis sie nicht lassen?<\/p>\n<p>Was ist denn f\u00fcr Sie &#8222;Hegemonie&#8220;? Hegemonie ist doch kein Wert an sich. Wie anders, wenn nicht \u00f6konomisch l\u00e4\u00dft sich Hegemonie verwirklichen? Doch nicht etwa durch gute Theaterst\u00fccke?<\/p>\n<p>Ansonsten bin ich nicht geeignet, ellenlange Diskussionen \u00fcber &#8222;die Linke&#8220;, die &#8222;orthodoxe Linke&#8220; oder so zu f\u00fchren. Diese Bleiw\u00fcsten t\u00f6rnen mich derartig ab, sage ich Ihnen!<\/p>\n<p>Ich habe stundenlang in den internationalen Web Sites gesurft, von links bis ultrakonservativ. Daraus bilde ich mir eine Meinung. Ich bin eben keine Intellektuelle und \u00fcberlasse es gern Ihnen, die unterschiedlichen Interpretationen, von Bahamas bis Bermuda-Dreieck, zusammenzufassen und der Leserschaft zu zeigen, wie alles tats\u00e4chlich gewesen ist, und wer sich wo grundlegend oder nur leicht geirrt hat.<\/p>\n<p>Sch\u00f6nes Neues Jahr w\u00fcnsche ich Ihnen!<\/p>\n<\/div>\n<div align=\"right\"><span style=\"font-family: Arial,sans-serif;\"> Letzte \u00c4nderung: 21.03.2016 <\/span><\/div>\n","protected":false},"excerpt":{"rendered":"<p>Von Gudrun Eussner Relativ einhellig wird dagegen die in Afghanistan begonnene Kriegskampagne der USA mit den &#8222;Wirtschafts- und \u00d6linteressen des Westens&#8220; begr\u00fcndet. Es &#8222;riecht nach \u00d6l und es geht um \u00d6lpipelines. F\u00fcr die USA geht es vor allem um das kasachische und turkmenische \u00d6l.&#8220; (Arbeiterstimme, Dezember 2001). Oder um nur eines von vielen gleichartigen Zitaten &hellip; <a href=\"https:\/\/kommunistische-debatte.de\/?page_id=487\" class=\"more-link\"><span class=\"screen-reader-text\">Antwort an Herrn Alfred Schr\u00f6der<\/span> weiterlesen<\/a><\/p>\n","protected":false},"author":1,"featured_media":0,"parent":0,"menu_order":0,"comment_status":"closed","ping_status":"closed","template":"","meta":{"footnotes":""},"class_list":["post-487","page","type-page","status-publish","hentry"],"_links":{"self":[{"href":"https:\/\/kommunistische-debatte.de\/index.php?rest_route=\/wp\/v2\/pages\/487","targetHints":{"allow":["GET"]}}],"collection":[{"href":"https:\/\/kommunistische-debatte.de\/index.php?rest_route=\/wp\/v2\/pages"}],"about":[{"href":"https:\/\/kommunistische-debatte.de\/index.php?rest_route=\/wp\/v2\/types\/page"}],"author":[{"embeddable":true,"href":"https:\/\/kommunistische-debatte.de\/index.php?rest_route=\/wp\/v2\/users\/1"}],"replies":[{"embeddable":true,"href":"https:\/\/kommunistische-debatte.de\/index.php?rest_route=%2Fwp%2Fv2%2Fcomments&post=487"}],"version-history":[{"count":1,"href":"https:\/\/kommunistische-debatte.de\/index.php?rest_route=\/wp\/v2\/pages\/487\/revisions"}],"predecessor-version":[{"id":488,"href":"https:\/\/kommunistische-debatte.de\/index.php?rest_route=\/wp\/v2\/pages\/487\/revisions\/488"}],"wp:attachment":[{"href":"https:\/\/kommunistische-debatte.de\/index.php?rest_route=%2Fwp%2Fv2%2Fmedia&parent=487"}],"curies":[{"name":"wp","href":"https:\/\/api.w.org\/{rel}","templated":true}]}}