{"id":337,"date":"2016-09-13T00:26:07","date_gmt":"2016-09-12T22:26:07","guid":{"rendered":"http:\/\/kommunistische-debatte.de\/?page_id=337"},"modified":"2016-09-13T00:26:07","modified_gmt":"2016-09-12T22:26:07","slug":"zu-alfred-schroeders-afghanistan-analyse","status":"publish","type":"page","link":"https:\/\/kommunistische-debatte.de\/?page_id=337","title":{"rendered":"Zu Alfred Schr\u00f6ders Afghanistan-Analyse"},"content":{"rendered":"<h5>Von Dieter Pentek<\/h5>\n<p>Als erstes zu den Fakten:<br \/>\n\u201eDen unu\u0308bersehbaren \u00f6konomischen Niedergang der USA\u201c gibt es mittlerweile seit gut 50 Jahren.<br \/>\nUnd doch stehen die USA heute immer noch als wirtschaftlich (und milit\u00e4risch) st\u00e4rkster Staat der<br \/>\nWelt in vorderster Front des Kapitals. Das zeigt sich schon daran, das unsere Altlinken in ihrem<br \/>\nfanatischen Antiamerikanismus sich sogar weigern, die Fakten anzuerkennen.<\/p>\n<p><img loading=\"lazy\" decoding=\"async\" class=\"alignleft wp-image-341 size-full\" src=\"https:\/\/kommunistische-debatte.de\/wp-content\/uploads\/Verschuldung-1.png\" alt=\"verschuldung\" width=\"866\" height=\"1102\" srcset=\"https:\/\/kommunistische-debatte.de\/wp-content\/uploads\/Verschuldung-1.png 866w, https:\/\/kommunistische-debatte.de\/wp-content\/uploads\/Verschuldung-1-236x300.png 236w, https:\/\/kommunistische-debatte.de\/wp-content\/uploads\/Verschuldung-1-768x977.png 768w, https:\/\/kommunistische-debatte.de\/wp-content\/uploads\/Verschuldung-1-805x1024.png 805w\" sizes=\"auto, (max-width: 866px) 100vw, 866px\" \/><\/p>\n<p>&nbsp;<\/p>\n<p>Die vorgehende Tabelle zur Staatsverschuldung relativiert die Schr\u00f6der&#8217;sche Aussage zur<br \/>\nastronomischen H\u00f6he der US-Staatsverschuldung doch ein wenig. Im Jahre 2000 war die<br \/>\nStaatsverschuldung der USA geringer als die der BRD !!!!. Die Verschuldung des\u00a0 nach Schr\u00f6der<br \/>\nanderen gro\u00dfen Konkurrenten &#8211; er nennt ihn Bu\u0308ndnispartner &#8211; der USA,\u00a0 Japan , betr\u00e4gt gar das<br \/>\ndoppelte der USA &#8211; immer gemessen am Bruttoinlandprodukt,. Ich denke, das dieser Ma\u00dfstab<br \/>\nwesentlich aussagekr\u00e4ftiger ist als absolute Zahlen.<\/p>\n<p>&nbsp;<\/p>\n<p>&nbsp;<\/p>\n<p><img loading=\"lazy\" decoding=\"async\" class=\"alignleft wp-image-347 size-full\" src=\"https:\/\/kommunistische-debatte.de\/wp-content\/uploads\/trends-1.png\" alt=\"trends\" width=\"752\" height=\"1125\" srcset=\"https:\/\/kommunistische-debatte.de\/wp-content\/uploads\/trends-1.png 752w, https:\/\/kommunistische-debatte.de\/wp-content\/uploads\/trends-1-201x300.png 201w, https:\/\/kommunistische-debatte.de\/wp-content\/uploads\/trends-1-684x1024.png 684w\" sizes=\"auto, (max-width: 752px) 100vw, 752px\" \/><\/p>\n<p>&nbsp;<\/p>\n<p>&nbsp;<\/p>\n<p>Die zweite Tabelle zeigt, da\u00df\u00a0 die reale Bruttowertsch\u00f6pfung in den USA in den letzten Jahren<br \/>\nst\u00e4rker gewachsen ist als in der BRD, hier als Westdeutschland bezeichnet.Auch Japan f\u00e4llt hinter<br \/>\nden USA zuru\u0308ck.<br \/>\nSo leid es mir um das liebgewonnene Feindbild Amerika tut, die \u00f6konomischen Daten sprechen<br \/>\noffensichtlich eine andere Sprache. M\u00f6glicherweise t\u00e4uschen sich die Amerikaner aber u\u0308ber ihre<br \/>\neigene St\u00e4rke, und versuchen, eine nicht vorhandene \u00f6konomische Schw\u00e4che milit\u00e4risch zu<br \/>\nu\u0308berspielen. Einen anderen Ausweg gibt es fu\u0308r die Schr\u00f6dersche These der Kriegslu\u0308sternheit der<br \/>\nUSA nicht.<br \/>\nDer Genosse Schr\u00f6der will einfach nicht akzeptieren, das die kapitalistische Staatengemeinschaft<br \/>\ndurchaus auch gemeinsame Interessen gegenu\u0308ber dem Rest der Welt hat, fu\u0308r die sie auch gemeinsam<br \/>\neintritt.<br \/>\nIn den kapitalistischen Staaten (West- und Mitteleuropa, Nordamerika, Japan, Korea, Australien,<br \/>\nNeuseeland) lebten im Jahre 2000 ca 800 Mio Menschen. Die Weltbev\u00f6lkerung hat 6000 Millionen<br \/>\nu\u0308berschritten. Anders herum: 5,2 Milliarden Menschen, also gut 80% der Weltbev\u00f6lkerung, leben in<br \/>\nStaaten, die anders strukturiert sind als die durchkapitalisierte westlichen Staatengemeinschaft. Es<br \/>\nmu\u00df doch selbst der glu\u0308hendste Amerikahasser einsehen, das die kapitalistischen Staaten<br \/>\ngemeinsame Interessen gegen diesen u\u0308bergro\u00dfen Rest der Welt haben, und diese auch durchsetzen<br \/>\nwollen und mu\u0308ssen. Dies anzuerkennen bedeutet doch nicht, die dem kapitalistischen Wettbewerb<br \/>\ninnewohnende Konkurrenz der kapitalistischen Staaten untereinander zu leugnen. Aber es \u00f6ffnet den<br \/>\nHorizont und erm\u00f6glicht es, sich aus u\u0308berholten Denkmustern zu l\u00f6sen.<br \/>\nDiese Muster stammen aus der Zeit der Blockkonfrontation. Das Eintreten fu\u0308r die real existierenden<br \/>\nsozialistischen Staaten, konkret fu\u0308r die Sowjetunion,\u00a0 fu\u0308hrte zwangsl\u00e4ufig zum Hass auf die USA, die<br \/>\nvorherrschende kapitalistische Nation. Dieser Hass wird heute weiter gefu\u0308hrt. Statt die eigene<br \/>\nBourgeoisie zu kritisieren und zu entlarven, deckt man ihr den Ru\u0308cken gegen den Satan USA.<br \/>\nNatu\u0308rlich hat die BRD kein Interesse am Krieg in Afghanistan. Doch auch die USA haben kein<br \/>\nInteresse daran. Schr\u00f6der sagt selbst: der Afghanistan-Krieg zielt hauptseitig auf die Zerschlagung<br \/>\nder Organisation Al-Kaida. Diese wird aber nicht angegriffen, um die Vorherrschaft der USA u\u0308ber<br \/>\nEuropa zu sichern. Hier geht es um die Zerschlagung einer Gruppe, die andere Vorstellungen vom<br \/>\nLeben hat als das Kapital. Diese Gruppe will die Gesellschaft anders organisieren. Und wie der<br \/>\nKommunismus ist auch der Islam als Gesellschaftsformation gemeinsamer Feind aller kapitalistischen<br \/>\nStaaten. Der Begriff des \u201eKreuzzuges\u201c trifft hier voll zu. An diesem Kreuzzug haben auch die<br \/>\neurop\u00e4ischen Staaten ein Interesse.<br \/>\nDieser Kreuzzug hat schon in Europa auf dem Balkan begonnen. Im Gegensatz zu Schr\u00f6ders<br \/>\nBehauptung sind die USA nicht in den Krieg gezogen, um eine europ\u00e4ische L\u00f6sung des Balkan-<br \/>\nProblems zu torpedieren, sondern die Europ\u00e4er haben die Milit\u00e4rmacht USA ben\u00f6tigt, um das<br \/>\n\u00dcberbleibsel des Kalten Krieges mit Namen Serbien zu beseitigen.<br \/>\nZu den Schlussfolgerungen des Genossen Schr\u00f6der (These 7) ist zu sagen: Die Widerspru\u0308che<br \/>\nzwischen den fu\u0308hrenden kapitalistischen Staaten wachsen seit Jahrhunderten. Die Umstrukturierung<br \/>\nder Armeen in S\u00f6ldnerbanden geschieht zwecks der Durchfu\u0308hrung von Kreuzzu\u0308gen. Gerade die seit<br \/>\n1989 gefu\u0308hrten Kriege (Serbien, Irak, Afghanistan, auch Somalia) haben dies einwandfrei bewiesen.<br \/>\nJede weitere Diskussion daru\u0308ber eru\u0308brigt sich.<br \/>\nDas von Schr\u00f6der angeku\u0308ndigte neue Zeitalter der Kabinettskriege um Einflu\u00dfsph\u00e4ren,<br \/>\nHandelsvertr\u00e4ge und Rohstoffe ru\u0308ckt ihn in die Nachbarschaft der von ihm so bek\u00e4mpften<br \/>\n\u201e\u00d6konomisten\u201c. Krieg in Afghanistan um Einflu\u00dfsph\u00e4ren? Naja, eigentlich ja nicht, das w\u00e4re ja<br \/>\n\u00d6konomismus, und u\u0308berhaupt wollen die USA ja nur die Vorherrschaft u\u0308ber Deutschland und Japan<br \/>\nin Afghanistan sichern. Aber eigentlich doch, denn darum geht es ja im Zeitalter der neuen<br \/>\nKabinettskriege. Und warum fu\u0308hren die USA eigentlich keinen direkten Krieg gegen Deutschland<br \/>\nund Japan, wenn doch diese Staaten ihr \u201eeigentlicher\u201c\u00a0 Gegner sind? Ha, hier zeigt sich ja gerade die<br \/>\nPerfidit\u00e4t des gro\u00dfen Satans. Er u\u0308berf\u00e4llt das armselige Afghanistan, um von seinem eigentlichen<br \/>\nGegner abzulenken.<br \/>\nNichts kann die Absurdit\u00e4t\u00a0 der Schr\u00f6derschen Schlussfolgerungen eindeutiger widerlegen als die<br \/>\nGeschehnisse in Serbien, Afghanistan und wohl bald auch wieder Somalia. Man mu\u00df nur die Relit\u00e4t<br \/>\nals solche anerkennen und keine alchimistischen Zaubertricks vollfu\u0308hren.<br \/>\nWir leben in einem Zeitalter vor sich gehender globaler Durchsetzung des Kapitalismus. Es geht<br \/>\nnicht um die Einfu\u0308hrung des Kapitalismus in Afghanistan oder sonst einem konkreten Land. Es geht<br \/>\num die Zerschlagung jeder Gegenvorstellung zur kapitalistischen Gesellschaftsformation. Wenn diese<br \/>\nGegenvorstellungen gewaltt\u00e4tig werden, so kann man sie heute problemlos auf eben diese Weise<br \/>\nbek\u00e4mpfen. Und das ist es, was sich heute vor unser aller Augen abspielt.<br \/>\nDie kapitalistischen Industriestaaten fu\u0308hren diesen Krieg GEMEINSAM ! Die einen weniger gern,<br \/>\ndie anderen dafu\u0308r um so heftiger. Die NATO hat den Angriff auf das Trade Center zum<br \/>\nVerteidigungsfall hochstilisiert, und sich damit den USA angedient, nicht umgekehrt. Die Europ\u00e4er<br \/>\nhaben die Amerikaner zum Eingreifen auf dem Balkan gedr\u00e4ngt. Die R\u00e4nkespiele der internationalen<br \/>\nPolitik lassen sich natu\u0308rlich immer durch entsprechende Zitate in ihr Gegenteil umdefinieren, aber<br \/>\nFakt ist und bleibt: die kapitalistischen Staaten haben alle Kriege seit 1989, seit dem Krieg gegen<br \/>\nSaddam Hussein und einschlie\u00dflich dessen, GEMEINSAM gefu\u0308hrt, trotz aller Unstimmigkeiten. Ihr<br \/>\nGEMEINSAMES Interesse u\u0308berwiegt in diesen F\u00e4llen noch. Erst wenn das Kapital sich real<br \/>\nweltweit durchgesetzt hat, erst dann k\u00f6nnen die inneren Gegens\u00e4tze des Kapitals die gemeinsamen<br \/>\nInteressen u\u0308berwiegen. Erst wenn die Politiker der kapitalistischen Staaten dieWiedereinfu\u0308hrung der<br \/>\nallgemeinen Wehrpflicht auf ihre Fahnen schreiben, dann beginnt die Gefahr der kriegerischen<br \/>\nKonflikte der Staaten untereinander. Solange sie von Berufsarmeen und Interventionstruppen faseln<br \/>\nist der Krieg gegen ausserkapitalistische Staaten sowie der Bu\u0308rgerkrieg ihr Standardszenario.<\/p>\n","protected":false},"excerpt":{"rendered":"<p>Von Dieter Pentek Als erstes zu den Fakten: \u201eDen unu\u0308bersehbaren \u00f6konomischen Niedergang der USA\u201c gibt es mittlerweile seit gut 50 Jahren. Und doch stehen die USA heute immer noch als wirtschaftlich (und milit\u00e4risch) st\u00e4rkster Staat der Welt in vorderster Front des Kapitals. Das zeigt sich schon daran, das unsere Altlinken in ihrem fanatischen Antiamerikanismus sich &hellip; <a href=\"https:\/\/kommunistische-debatte.de\/?page_id=337\" class=\"more-link\"><span class=\"screen-reader-text\">Zu Alfred Schr\u00f6ders Afghanistan-Analyse<\/span> weiterlesen<\/a><\/p>\n","protected":false},"author":1,"featured_media":0,"parent":0,"menu_order":0,"comment_status":"closed","ping_status":"closed","template":"","meta":{"footnotes":""},"class_list":["post-337","page","type-page","status-publish","hentry"],"_links":{"self":[{"href":"https:\/\/kommunistische-debatte.de\/index.php?rest_route=\/wp\/v2\/pages\/337","targetHints":{"allow":["GET"]}}],"collection":[{"href":"https:\/\/kommunistische-debatte.de\/index.php?rest_route=\/wp\/v2\/pages"}],"about":[{"href":"https:\/\/kommunistische-debatte.de\/index.php?rest_route=\/wp\/v2\/types\/page"}],"author":[{"embeddable":true,"href":"https:\/\/kommunistische-debatte.de\/index.php?rest_route=\/wp\/v2\/users\/1"}],"replies":[{"embeddable":true,"href":"https:\/\/kommunistische-debatte.de\/index.php?rest_route=%2Fwp%2Fv2%2Fcomments&post=337"}],"version-history":[{"count":9,"href":"https:\/\/kommunistische-debatte.de\/index.php?rest_route=\/wp\/v2\/pages\/337\/revisions"}],"predecessor-version":[{"id":350,"href":"https:\/\/kommunistische-debatte.de\/index.php?rest_route=\/wp\/v2\/pages\/337\/revisions\/350"}],"wp:attachment":[{"href":"https:\/\/kommunistische-debatte.de\/index.php?rest_route=%2Fwp%2Fv2%2Fmedia&parent=337"}],"curies":[{"name":"wp","href":"https:\/\/api.w.org\/{rel}","templated":true}]}}