{"id":285,"date":"2016-09-12T20:32:19","date_gmt":"2016-09-12T18:32:19","guid":{"rendered":"http:\/\/kommunistische-debatte.de\/?page_id=285"},"modified":"2022-08-22T15:51:25","modified_gmt":"2022-08-22T13:51:25","slug":"entwicklungstendenzen-des-kapitals","status":"publish","type":"page","link":"https:\/\/kommunistische-debatte.de\/?page_id=285","title":{"rendered":"Entwicklungstendenzen des Kapitals"},"content":{"rendered":"<ul>\n<li><a href=\"https:\/\/kommunistische-debatte.de\/?page_id=289\">Martin Schlegel: Die New Economy der USA: Krisenfreier Kapitalismus?<\/a><\/li>\n<li><a href=\"https:\/\/kommunistische-debatte.de\/?page_id=298\">Dieter Pentek: Der \u00f6konomische Niedergang der USA &#8211; Kritik an Martin Schlegel<\/a><\/li>\n<li><a href=\"https:\/\/kommunistische-debatte.de\/?page_id=303\">Martin Schlegel: Antwort auf die Kritik an &#8222;Die New Economy der USA: Krisenfreier Kapitalismus?&#8220;<\/a><\/li>\n<li><a href=\"https:\/\/kommunistische-debatte.de\/?page_id=314\">Dieter Pentek: Noch Mal <span style=\"font-family: SimSun;\"><span lang=\"zh-CN\">&#8211; <\/span><\/span><\/a><a href=\"https:\/\/kommunistische-debatte.de\/index.php\/noch-mal-niedergang-der-us-oekonomie\/\">Niedergang der US-\u00d6konomie?<\/a><\/li>\n<li><a href=\"https:\/\/kommunistische-debatte.de\/?page_id=326\">Martin Schlegel: Zum Zusammenhang zwischen der Besetzung des Irak durch die USA und der Dollarhegemonie<\/a><\/li>\n<li><a href=\"https:\/\/kommunistische-debatte.de\/?page_id=333\">Martin Schlegel: Zur Rolle des \u00d6ls im Konflikt zwischen den USA und dem Irak<\/a><\/li>\n<li><a href=\"https:\/\/kommunistische-debatte.de\/?page_id=353&amp;preview=true\">Petra Bach: Die n\u00e4chste Krise wird genauso ablaufen wie die j\u00fcngsten &#8211; Vom Kandidatengerangel zur IWF-Fr\u00fchjahrstagung in Washington<\/a><\/li>\n<li><a href=\"https:\/\/kommunistische-debatte.de\/?page_id=359&amp;preview=true\">Heiner Karuscheit: Die Europ\u00e4ische W\u00e4hrungsunion &#8211; der Preis f\u00fcr die deutsche Einheit<\/a><\/li>\n<li><a href=\"https:\/\/kommunistische-debatte.de\/?page_id=363&amp;preview=true\">Klaus Winter: Monopolkapitalismus und Finanzkapital &#8211; Zur Problematik beider Begriffe in Lenins Imperialismusschrift<\/a><\/li>\n<li><a href=\"https:\/\/kommunistische-debatte.de\/?page_id=399\">Martin Schlegel: Die Debatte um den Wirtschaftsstandort Deutschland und die Fakten<\/a><\/li>\n<li><a href=\"https:\/\/kommunistische-debatte.de\/?page_id=406\">Martin Schlegel: Finanzmarkt und Weltwirtschaftskrise &#8211; Eine aufgeschobene \u00dcberproduktionskrise<\/a><\/li>\n<li><a href=\"https:\/\/kommunistische-debatte.de\/?page_id=416&amp;preview=true\">Erwin Maurer: Marxsche Krisentheorie<\/a><\/li>\n<li><a href=\"https:\/\/kommunistische-debatte.de\/?page_id=421&amp;preview=true\">Martin Schlegel: Empirische Befunde zum tendenziellen Fall der Profitrate in Deutschland nach dem Zweiten Weltkrieg <\/a><\/li>\n<li><a href=\"http:\/\/kommunistische-debatte.de\/wp-content\/uploads\/Staatsverschuldung_MASCH.pdf\">Martin Schlegel: Finanzmarktkrise, Eurozonenkrise und die langfristige Entwicklung der Staatsverschuldung und ihrer Ursachen<\/a><\/li>\n<li><a href=\"http:\/\/kommunistische-debatte.de\/?page_id=2003\">Frithjof Rausch: Die Geschichte der Ware und des Geldes<\/a><\/li>\n<li><a href=\"http:\/\/kommunistische-debatte.de\/wp-content\/uploads\/Schulden-07-20.pdf\">Karl-Heinz Goll: 2020 &#8211; Schulden f\u00fcr immer ?<\/a><\/li>\n<li><a href=\"http:\/\/kommunistische-debatte.de\/wp-content\/uploads\/Artikel-Imp-2022-1.pdf\">Karl Heinz Goll: der tendenzielle Fall der Profitrate und Imperialismus heute<\/a>\n<p align=\"justify\">\n<\/li>\n<\/ul>\n","protected":false},"excerpt":{"rendered":"<p>Martin Schlegel: Die New Economy der USA: Krisenfreier Kapitalismus? Dieter Pentek: Der \u00f6konomische Niedergang der USA &#8211; Kritik an Martin Schlegel Martin Schlegel: Antwort auf die Kritik an &#8222;Die New Economy der USA: Krisenfreier Kapitalismus?&#8220; Dieter Pentek: Noch Mal &#8211; Niedergang der US-\u00d6konomie? Martin Schlegel: Zum Zusammenhang zwischen der Besetzung des Irak durch die USA &hellip; <a href=\"https:\/\/kommunistische-debatte.de\/?page_id=285\" class=\"more-link\"><span class=\"screen-reader-text\">Entwicklungstendenzen des Kapitals<\/span> weiterlesen<\/a><\/p>\n","protected":false},"author":1,"featured_media":0,"parent":0,"menu_order":0,"comment_status":"closed","ping_status":"closed","template":"","meta":{"footnotes":""},"class_list":["post-285","page","type-page","status-publish","hentry"],"_links":{"self":[{"href":"https:\/\/kommunistische-debatte.de\/index.php?rest_route=\/wp\/v2\/pages\/285","targetHints":{"allow":["GET"]}}],"collection":[{"href":"https:\/\/kommunistische-debatte.de\/index.php?rest_route=\/wp\/v2\/pages"}],"about":[{"href":"https:\/\/kommunistische-debatte.de\/index.php?rest_route=\/wp\/v2\/types\/page"}],"author":[{"embeddable":true,"href":"https:\/\/kommunistische-debatte.de\/index.php?rest_route=\/wp\/v2\/users\/1"}],"replies":[{"embeddable":true,"href":"https:\/\/kommunistische-debatte.de\/index.php?rest_route=%2Fwp%2Fv2%2Fcomments&post=285"}],"version-history":[{"count":50,"href":"https:\/\/kommunistische-debatte.de\/index.php?rest_route=\/wp\/v2\/pages\/285\/revisions"}],"predecessor-version":[{"id":2521,"href":"https:\/\/kommunistische-debatte.de\/index.php?rest_route=\/wp\/v2\/pages\/285\/revisions\/2521"}],"wp:attachment":[{"href":"https:\/\/kommunistische-debatte.de\/index.php?rest_route=%2Fwp%2Fv2%2Fmedia&parent=285"}],"curies":[{"name":"wp","href":"https:\/\/api.w.org\/{rel}","templated":true}]}}