{"id":265,"date":"2016-09-12T10:30:55","date_gmt":"2016-09-12T08:30:55","guid":{"rendered":"http:\/\/kommunistische-debatte.de\/?page_id=265"},"modified":"2023-11-26T17:53:02","modified_gmt":"2023-11-26T16:53:02","slug":"politik","status":"publish","type":"page","link":"https:\/\/kommunistische-debatte.de\/?page_id=265","title":{"rendered":"Politik"},"content":{"rendered":"<h2><\/h2>\n<h2>Innenpolitik<\/h2>\n<ul>\n<li><a href=\"https:\/\/kommunistische-debatte.de\/?page_id=2382&amp;preview=true\">Heiner Karuscheit: Der Ukraine-Krieg und die Frage des deutschen Imperialismus<\/a><\/li>\n<li><a href=\"https:\/\/kommunistische-debatte.de\/?page_id=2346&amp;preview=true\">Heiner Karuscheit: Der Ukraine-Krieg und die Milit\u00e4rpolitik der deutschen Bourgeoisie<\/a><\/li>\n<li><a href=\"https:\/\/kommunistische-debatte.de\/?page_id=277&amp;preview=true\">Kolja Wagner: Das Dilemma des Rechtspopulismus: Mittelstand oder Arbeiterklasse? &#8211; Aufstieg und Krise des Front National<\/a><\/li>\n<li><a href=\"https:\/\/kommunistische-debatte.de\/?page_id=424&amp;preview=true\">Kolja Wagner: Haiders Ende?<\/a><\/li>\n<li><a href=\"https:\/\/kommunistische-debatte.de\/?page_id=427&amp;preview=true\">Heiner Karuscheit: Kein Sturm im Wasserglas &#8211; Die Angst der Bourgeoisie vor M\u00f6llemanns Man\u00f6vern<\/a><\/li>\n<li><a href=\"https:\/\/kommunistische-debatte.de\/?page_id=433&amp;preview=true\" target=\"_blank\" rel=\"noopener\">Heiner Karuscheit: Um den Sozialstaatskompromiss<\/a><\/li>\n<li><a href=\"https:\/\/kommunistische-debatte.de\/?page_id=436&amp;preview=true\" target=\"_blank\" rel=\"noopener\">Heiner Karuscheit: Umgruppierungen in der Arbeiterschaft &#8211; \u00dcber die gesellschaftlichen Hintergr\u00fcnde der Linkspartei<\/a><\/li>\n<li><a href=\"https:\/\/kommunistische-debatte.de\/?page_id=439&amp;preview=true\" target=\"_blank\" rel=\"noopener\">Petra Bach: Wahlen ohne sozialistische Alternative &#8211; Zu den M\u00e4rzwahlen 2006 in der Bundesrepublik<\/a><\/li>\n<li><a href=\"https:\/\/kommunistische-debatte.de\/?page_id=444&amp;preview=true\">Heiner Karuscheit: Von der WASG zur Partei DIE LINKE &#8211; Eine kurze Aufweichung der b\u00fcrgerlichen Hegemonie<\/a><\/li>\n<li><a href=\"https:\/\/kommunistische-debatte.de\/?page_id=447&amp;preview=true\">Heiner Karuscheit: Das Regierungsprogramm und die soziale Frage<\/a><\/li>\n<\/ul>\n<h2 class=\"western\">Aussenpolitik<\/h2>\n<ul>\n<li><a href=\"https:\/\/kommunistische-debatte.de\/?page_id=2523&amp;preview=true\">Alfred Schr\u00f6der: Der falsche Lenin<\/a><\/li>\n<li><a href=\"https:\/\/kommunistische-debatte.de\/?page_id=2359&amp;preview=true\">Alfred Schr\u00f6der: Der Ukraine Krieg: Das Selbstbestimmungsrecht der Nationen und ihre Kritiker<\/a><\/li>\n<li><a href=\"https:\/\/kommunistische-debatte.de\/?page_id=2346&amp;preview=true\">Heiner Karuscheit: Der Ukraine-Krieg und die Milit\u00e4rpolitik der deutschen Bourgeoisie<\/a><\/li>\n<li><a href=\"https:\/\/kommunistische-debatte.de\/?page_id=2337&amp;preview=true\">Heiner Karuscheit: Der Ukraine-Krieg und die Frage des russischen Imperialismus<\/a><\/li>\n<li><a href=\"https:\/\/kommunistische-debatte.de\/?page_id=679&amp;preview=true\">Alfred Schr\u00f6der: Der Ukraine-Krieg und die Stellung der Kommunisten<\/a><\/li>\n<li><a href=\"https:\/\/kommunistische-debatte.de\/?page_id=469&amp;preview=true\">Alfred Schr\u00f6der: Der Krieg um Jugoslawien und seine Lehren<\/a><\/li>\n<li><a href=\"https:\/\/kommunistische-debatte.de\/?page_id=472&amp;preview=true\">Dieter Pentek: Das Alte. Und das Neue?<\/a><\/li>\n<li><a href=\"https:\/\/kommunistische-debatte.de\/?page_id=353&amp;preview=true\">Petra Bach: Die n\u00e4chste Krise wird genauso ablaufen wie die j\u00fcngsten &#8211; Vom Kandidatengerangel zur IWF-Fr\u00fchjahrstagung in Washington<\/a><\/li>\n<li><a href=\"https:\/\/kommunistische-debatte.de\/?page_id=359&amp;preview=true\">Heiner Karuscheit: Die Europ\u00e4ische W\u00e4hrungsunion &#8211; der Preis f\u00fcr die deutsche Einheit<\/a><\/li>\n<li><a href=\"https:\/\/kommunistische-debatte.de\/?page_id=478&amp;preview=true\">Heiner Karuscheit: Vietnam und Afghanistan &#8211; Antiimperialismus gestern und heute<\/a><\/li>\n<li><a href=\"https:\/\/kommunistische-debatte.de\/?page_id=492&amp;preview=true\">Heiner Karuscheit: Das afghanische Dilemma &#8211; Die Linke zwischen Imperialismus und Mittelalter<\/a><\/li>\n<li><a href=\"https:\/\/kommunistische-debatte.de\/?page_id=484&amp;preview=true\">Alfred Schr\u00f6der: Der 11. September, der Afghanistankrieg und die Linke<\/a><\/li>\n<li><a href=\"https:\/\/kommunistische-debatte.de\/?page_id=337&amp;preview=true\">Dieter Pentek: Zu Schr\u00f6ders Afghanistan-Analyse<\/a><\/li>\n<li><a href=\"https:\/\/kommunistische-debatte.de\/?page_id=487&amp;preview=true\">Gudrun Eussner: Antwort an Herrn Alfred Schr\u00f6der<\/a><\/li>\n<li><a href=\"https:\/\/kommunistische-debatte.de\/?page_id=481&amp;preview=true\">Heiner Karuscheit: Brzezinskis Vorherrschaftsstrategie und der Afghanistan-Konflikt<\/a><\/li>\n<li><a href=\"https:\/\/kommunistische-debatte.de\/?page_id=495&amp;preview=true\">Heiner Karuscheit: \u00dcber die amerikanischen Kriegsziele im Nahen Osten <\/a><\/li>\n<li><a href=\"https:\/\/kommunistische-debatte.de\/?page_id=502&amp;preview=true\">Heiner Karuscheit: F\u00fcr &#8222;Demokratie und freie M\u00e4rkte&#8220;\u00a0 <\/a><a href=\"https:\/\/kommunistische-debatte.de\/?page_id=502&amp;preview=true\">oder f\u00fcr die Niederlage der USA? &#8211; &#8222;Antideutsche&#8220; und Linke zum Irakkrieg &#8211;<\/a><\/li>\n<li><a href=\"https:\/\/kommunistische-debatte.de\/?page_id=505&amp;preview=true\">Heiner Karuscheit: Lehren des Irakkriegs &#8211; Eine Rezension zu Herfried M\u00fcnkler: Der neue Golfkrieg<\/a><\/li>\n<li><a href=\"https:\/\/kommunistische-debatte.de\/index.php\/zum-zusammenhang-zwischen-der-besetzung-des-irak-durch-die-usa-und-der-dollarhegemonie\/\">Martin Schlegel: Zum Zusammenhang zwischen der Besetzung des Irak durch die USA und der Dollarhegemonie<\/a><\/li>\n<li><a href=\"https:\/\/kommunistische-debatte.de\/index.php\/zum-iranischen-nuklearkonflikt\/\">Heiner Karuscheit: Zum iranischen Nuklearkonflikt<\/a><\/li>\n<li><a href=\"https:\/\/kommunistische-debatte.de\/?page_id=549&amp;preview=true\">Dieter Pentek: Antwort auf Heiner Karuscheits Thesen zum iranischen Nuklearkonflikt<\/a><\/li>\n<li><a href=\"https:\/\/kommunistische-debatte.de\/?page_id=552&amp;preview=true\">Heiner Karuscheit: Kriegstheater am Golf &#8211; Die Umgruppierung der M\u00e4chte im Vorfeld eines m\u00f6glichen Irankriegs<\/a><\/li>\n<li><a href=\"https:\/\/kommunistische-debatte.de\/?page_id=556&amp;preview=true\">Heiner Karuscheit: Die Tage Washingtons im Irak sind gez\u00e4hlt &#8211; Vor einem &#8222;neuen Realismus&#8220; in der US-Au\u00dfenpolitik<\/a><\/li>\n<li><a href=\"https:\/\/kommunistische-debatte.de\/?page_id=559&amp;preview=true\">Heiner Karuscheit: Die Eurokrise, der Nationalstaat und die soziale Frage<\/a><\/li>\n<\/ul>\n<div id=\"s3gt_translate_tooltip_mini\" class=\"s3gt_translate_tooltip_mini_box\" style=\"background: initial !important; border: initial !important; border-radius: initial !important; border-spacing: initial !important; border-collapse: initial !important; direction: ltr !important; flex-direction: initial !important; font-weight: initial !important; height: initial !important; letter-spacing: initial !important; min-width: initial !important; max-width: initial !important; min-height: initial !important; max-height: initial !important; margin: auto !important; outline: initial !important; padding: initial !important; position: absolute; table-layout: initial !important; text-align: initial !important; text-shadow: initial !important; width: initial !important; word-break: initial !important; word-spacing: initial !important; overflow-wrap: initial !important; box-sizing: initial !important; display: initial !important; color: inherit !important; font-size: 13px !important; font-family: X-LocaleSpecific, sans-serif, Tahoma, Helvetica !important; line-height: 13px !important; vertical-align: top !important; white-space: inherit !important; left: 930px; top: 812px; opacity: 0.35;\">\n<div id=\"s3gt_translate_tooltip_mini_logo\" class=\"s3gt_translate_tooltip_mini\" title=\"Markierten Text \u00fcbersetzen\"><\/div>\n<div id=\"s3gt_translate_tooltip_mini_sound\" class=\"s3gt_translate_tooltip_mini\" title=\"Abspielen\"><\/div>\n<div id=\"s3gt_translate_tooltip_mini_copy\" class=\"s3gt_translate_tooltip_mini\" title=\"In Zwischenablage kopieren\"><\/div>\n<\/div>\n","protected":false},"excerpt":{"rendered":"<p>Innenpolitik Heiner Karuscheit: Der Ukraine-Krieg und die Frage des deutschen Imperialismus Heiner Karuscheit: Der Ukraine-Krieg und die Milit\u00e4rpolitik der deutschen Bourgeoisie Kolja Wagner: Das Dilemma des Rechtspopulismus: Mittelstand oder Arbeiterklasse? &#8211; Aufstieg und Krise des Front National Kolja Wagner: Haiders Ende? Heiner Karuscheit: Kein Sturm im Wasserglas &#8211; Die Angst der Bourgeoisie vor M\u00f6llemanns Man\u00f6vern &hellip; <a href=\"https:\/\/kommunistische-debatte.de\/?page_id=265\" class=\"more-link\"><span class=\"screen-reader-text\">Politik<\/span> weiterlesen<\/a><\/p>\n","protected":false},"author":1,"featured_media":0,"parent":0,"menu_order":0,"comment_status":"closed","ping_status":"closed","template":"","meta":{"footnotes":""},"class_list":["post-265","page","type-page","status-publish","hentry"],"_links":{"self":[{"href":"https:\/\/kommunistische-debatte.de\/index.php?rest_route=\/wp\/v2\/pages\/265","targetHints":{"allow":["GET"]}}],"collection":[{"href":"https:\/\/kommunistische-debatte.de\/index.php?rest_route=\/wp\/v2\/pages"}],"about":[{"href":"https:\/\/kommunistische-debatte.de\/index.php?rest_route=\/wp\/v2\/types\/page"}],"author":[{"embeddable":true,"href":"https:\/\/kommunistische-debatte.de\/index.php?rest_route=\/wp\/v2\/users\/1"}],"replies":[{"embeddable":true,"href":"https:\/\/kommunistische-debatte.de\/index.php?rest_route=%2Fwp%2Fv2%2Fcomments&post=265"}],"version-history":[{"count":53,"href":"https:\/\/kommunistische-debatte.de\/index.php?rest_route=\/wp\/v2\/pages\/265\/revisions"}],"predecessor-version":[{"id":2798,"href":"https:\/\/kommunistische-debatte.de\/index.php?rest_route=\/wp\/v2\/pages\/265\/revisions\/2798"}],"wp:attachment":[{"href":"https:\/\/kommunistische-debatte.de\/index.php?rest_route=%2Fwp%2Fv2%2Fmedia&parent=265"}],"curies":[{"name":"wp","href":"https:\/\/api.w.org\/{rel}","templated":true}]}}