{"id":253,"date":"2016-09-12T09:26:33","date_gmt":"2016-09-12T07:26:33","guid":{"rendered":"http:\/\/kommunistische-debatte.de\/?page_id=253"},"modified":"2017-12-19T17:56:04","modified_gmt":"2017-12-19T16:56:04","slug":"253-2","status":"publish","type":"page","link":"https:\/\/kommunistische-debatte.de\/?page_id=253","title":{"rendered":"Literatur und Anmerkungen"},"content":{"rendered":"<div>\n<h3>Literatur<\/h3>\n<p><b>Barkai<\/b>, Avraham: Das Wirtschaftssystem des Nationalsozialismus. Ideologie, Theorie, Politik 1933-1945, Frankfurt 1988<\/p>\n<p><b>Bracher<\/b>, Karl Dietrich: Die deutsche Diktatur. Entstehung, Struktur, Folgen des Nationalsozialismus, K\u00f6ln 1980<\/p>\n<p><b>Bracher<\/b>, K. D.\/<b>Funke<\/b>, Manfred\/<b>Jacobsen<\/b>, Hans-Adolf (Hrsg.): Deutschland 1933 &#8211; 1945. Neue Studien zur nationalsozialistischen Herrschaft, Bonn (2. Auflage) 1993<\/p>\n<p><b>Buchheim<\/b>, Hans\/<b>Broszat<\/b>, Martin\/<b>Jacobsen<\/b>, Hans-Adolf\/<b>Krausnick<\/b>, Helmut: Anatomie des SS-Staates, M\u00fcnchen (6. Auflage) 1994<\/p>\n<p><b>Geiss<\/b>, Immanuel: Geschichte des Rassismus, Frankfurt 1988<\/p>\n<p><b>Georg<\/b>, Enno: Die wirtschaftlichen Unternehmungen der SS, Stuttgart 1963<\/p>\n<p><b>Herbst<\/b>, Ludolf: Der totale Krieg und die Ordnung der Wirtschaft. Die Kriegswirtschaft im Spannungsfeld von Politik, Ideologie und Propaganda 1939 &#8211; 1945, Stuttgart 1982<\/p>\n<p><b>Hildebrand<\/b>, Dieter: Deutsche Au\u00dfenpolitik 1933 &#8211; 1945. Kalk\u00fcl oder Dogma? Kohlhammer, Stuttgart \u2013 Berlin \u2013 K\u00f6ln &#8211; Mainz (4. Auflage) 1980<\/p>\n<p><b>Hillgruber<\/b>, Andreas: Der Zweite Weltkrieg 1939 &#8211; 1945: Kriegsziele und Strategie der gro\u00dfen M\u00e4chte, Stuttgart &#8211; Berlin &#8211; K\u00f6ln &#8211; Mainz <b>1985<\/b><\/p>\n<p><b>Hillgruber<\/b>, Andreas: Die Zerst\u00f6rung Europas. Beitr\u00e4ge zur Weltkriegsepoche 1914 &#8211; 1945, Frankfurt\/M &#8211; Berlin <b>1988<\/b><\/p>\n<p><b>Hillgruber<\/b>, Andreas: Hitlers Strategie. Politik und Kriegf\u00fchrung 1940 &#8211; 1941, M\u00fcnchen (2. Auflage) <b>1982<\/b><\/p>\n<p><b>Hillgruber<\/b>, Andreas: Zur Entstehung des Zweiten Weltkrieges. Forschungsstand und Literatur, D\u00fcsseldorf <b>1980<\/b><\/p>\n<p><b>Hitler<\/b>, Adolf: Mein Kampf, M\u00fcnchen (424 &#8211; 428. Auflage) 1939; zitiert als: MK<\/p>\n<p><b>Hitlers Zweites Buch<\/b>, Ein Dokument aus dem Jahr 1928, eingeleitet und kommentiert von Gerhard L. Weinberg, DVA, Stuttgart 1961; zitiert als: ZB<\/p>\n<p><b>J\u00e4ckel<\/b>, Eberhard: Hitlers Weltanschauung. Entwurf einer Herrschaft, T\u00fcbingen (2. Auflage) 1983<\/p>\n<p><b>K\u00fchnl<\/b>, Reinhard: Formen b\u00fcrgerlicher Herrschaft. Liberalismus &#8211; Faschismus, Reinbek b. Hamburg 1971<\/p>\n<p><b>Kr\u00fcger<\/b>, Peter: Zu Hitlers &#8222;nationalsozialistischen Wirtschaftserkenntnissen&#8220;, in: Geschichte und Gesellschaft, Zeitschrift f\u00fcr Historische Sozialwissenschaft, G\u00f6ttingen, 6. Jg. 1980, S.\u00a0263 &#8211; 282<\/p>\n<p><b>Kurz<\/b>, Robert und andere: Rosemaries Babies: Die Demokratie und ihre Rechtsradikalen, Unkel\/Rhein und Bad Honnef 1993<\/p>\n<p><b>Lange<\/b>, Karl: Hitlers unbeachtete Maximen. &#8218;Mein Kampf&#8216; und die \u00d6ffentlichkeit, Stuttgart &#8211; Berlin &#8211; K\u00f6ln &#8211; Mainz 1968<\/p>\n<p><b>Michalka<\/b>, Wolfgang (Hrsg.): Die nationalsozialistische Machtergreifung, Paderborn &#8211; M\u00fcnchen &#8211; Wien Z\u00fcrich 1984<\/p>\n<p><b>Mosse<\/b>, L. George: Rassismus: Krankheitssymptom in der europ\u00e4ischen Geschichte des 19. und 20.Jahrhunderts, K\u00f6nigstein\/Ts. 1978<\/p>\n<p><b>Nolte<\/b>, Ernst: Der Faschismus in seiner Epoche. Die Action francaise, der italienische Faschismus, der Nationalsozialismus, M\u00fcnchen &#8211; Z\u00fcrich (5. Auflage) 1979<\/p>\n<p><b>Plato<\/b>, Alexander von: &#8222;Der Verlierer geht nicht leer aus&#8220;. Betriebsr\u00e4te geben zu Protokoll, Berlin &#8211; Bonn 1984<\/p>\n<p><b>Ruge<\/b>, Wolfgang: Hitler, Weimarer Republik und Machtergreifung: Eine politische Karriere und ihr Hintergrund 1918 &#8211; 1933, K\u00f6ln 1983<\/p>\n<p><b>Saldern<\/b>, Adelheid von: Mittelstand im &#8222;Dritten Reich&#8220;: Handwerker &#8211; Einzelh\u00e4ndler &#8211; Bauern, Frankfurt &#8211; New York 1985<\/p>\n<p><b>Thies<\/b>, Jochen: Architekt der Weltherrschaft. Die &#8222;Endziele&#8220; Hitlers, D\u00fcsseldorf 1976<\/p>\n<p><b>Turner<\/b>, Henry A. jr.: Faschismus und Kapitalismus in Deutschland, G\u00f6ttingen 1972<\/p>\n<p><b>Wegner<\/b>, Bernd: Hitlers Politische Soldaten: Die Waffen-SS 1933 &#8211; 1945, Paderborn (4.Auflage) 1990<\/p>\n<h3>Anmerkungen<\/h3>\n<ol>\n<li style=\"list-style-type: none;\">\n<ol>\n<li>Kurz, S.\u00a031, 26<\/li>\n<li>Kurz, S.\u00a046<\/li>\n<li>AzD 43 (1987), S.\u00a058<\/li>\n<li>AzD 40 (1987), S.\u00a065<\/li>\n<li>AzD 59, S.\u00a070 f<\/li>\n<li>Zitate: AzD 59, S.\u00a078, 83, 82, 70, 69<\/li>\n<li>AzD 58, S.\u00a069<\/li>\n<li>AzD 58, S.\u00a072<\/li>\n<li>AzD 59, S.\u00a081<\/li>\n<li>Zitelmann, Rainer: <i>Hitler-Bild im Wandel<\/i>; in: Bracher\/Funke\/Jacobsen 1993, S.\u00a0505<\/li>\n<li>Adolf Hitler, <i>Mein Kampf<\/i>, k\u00fcnftig zitiert als: MK<\/li>\n<li><i>Hitlers Zweites Buch<\/i>, k\u00fcnftig zitiert als: ZB<\/li>\n<li>AzD 41 (1987), S.\u00a079 &#8211; 85<\/li>\n<li>dazu Klaus Aresti, <i>\u00dcber die historischen Urspr\u00fcnge des deutschen Faschismus<\/i>, in: AzD 42 (1987), S.\u00a05 &#8211; 26; insbesondere S.\u00a09\/10<\/li>\n<li>MK, S.\u00a0147<\/li>\n<li>siehe dazu die Kritik von Engels in der <i>Dialektik der Natur. Notizen und Fragmente<\/i>, MEW 20, S.\u00a0563 &#8211; 566<\/li>\n<li>Geiss, S.\u00a0171<\/li>\n<li>MK, S.\u00a0449<\/li>\n<li>Schwartz, Michael, <i>Proletarier und &#8222;Lumpen&#8220;. Sozialistische Urspr\u00fcnge eugenischen Denkens<\/i>, in: Vierteljahreshefte f\u00fcr Zeitgeschichte, 42. Jg., Heft 4, Oldenbourg-Verlag, M\u00fcnchen 1994<\/li>\n<li>MK, S.\u00a0324<\/li>\n<li>MK, S.\u00a0421<\/li>\n<li>MK, S.\u00a0326<\/li>\n<li>MK, S.\u00a0322, 324<\/li>\n<li>MK, S.\u00a0420, 421<\/li>\n<li>MK, S.\u00a0329<\/li>\n<li>MK, S.\u00a0498<\/li>\n<li>MK, S.\u00a0751<\/li>\n<li>MK, S.\u00a0334<\/li>\n<li>MK, S.\u00a0338<\/li>\n<li>MK, S.\u00a0344 f<\/li>\n<li>Mosse, S.\u00a0108<\/li>\n<li>MEW 22, S.\u00a049 f<\/li>\n<li>ZB, S.\u00a0220<\/li>\n<li>Hans-Walter Schmuhl, <i>Rassismus unter den Bedingungen charismatischer Herrschaft. Zum \u00dcbergang von der Verfolgung zur Vernichtung gesellschaftlicher Minderheiten im Dritten Reich<\/i>. In: Bracher\/Funke\/Jacobsen 1993, S.\u00a0187 f.<\/li>\n<li>Mosse, S.\u00a0150<\/li>\n<li>Mosse, S.\u00a0148<\/li>\n<li>Mosse, S.\u00a0152 f<\/li>\n<li>Mosse, S.\u00a0150<\/li>\n<li>siehe dazu M. Vogt, <i>Die Arbeiterklasse ohne Weg zur Macht<\/i>, in: AzD 53<\/li>\n<li>MK, S.\u00a0419, 165, 433<\/li>\n<li>MK, S.\u00a0436 f, 439<\/li>\n<li>MK, S.\u00a0362<\/li>\n<li>MK, S.\u00a0781<\/li>\n<li>ZB, S.\u00a053<\/li>\n<li>MK, S.\u00a0151<\/li>\n<li>MK, S.\u00a0146<\/li>\n<li>MK, S.\u00a0754 f<\/li>\n<li>MK, S.\u00a0349, 347<\/li>\n<li>Rede vom 7. August 1920; nach: Zitelmann 1987, S.\u00a0146<\/li>\n<li>MK, S.\u00a0110<\/li>\n<li>MK, S.\u00a0353<\/li>\n<li>ZB, S.\u00a0120 f<\/li>\n<li>nach: Zitelmann 1987, S.\u00a0327<\/li>\n<li>MK, S.\u00a050<\/li>\n<li>MK, S.\u00a0353<\/li>\n<li>MK, S.\u00a0348<\/li>\n<li>MK, S.\u00a0451, 772<\/li>\n<li>MK, S.\u00a0111<\/li>\n<li>MK, S.\u00a0256<\/li>\n<li>MK, S.\u00a0480<\/li>\n<li>Zitelmann 1987, S.\u00a0194<\/li>\n<li>MK, S.\u00a0451<\/li>\n<li>Barkai, S.\u00a0118<\/li>\n<li>Plato, S.\u00a088 f<\/li>\n<li>MK, S.\u00a099, 501<\/li>\n<li>Hans Buchheim, <i>Die SS &#8211; Das Herrschaftsinstrument<\/i>; in: Buchheim\/Broszat\/Jacobsen\/Krausnick, S.\u00a028\/29<\/li>\n<li>Wegner, S.\u00a0311<\/li>\n<li>Wegner, S.\u00a0299<\/li>\n<li>MK, S.\u00a0151<\/li>\n<li>ZB, S.\u00a059<\/li>\n<li>MK, S.\u00a0255<\/li>\n<li>ZB, S.\u00a060 &#8211; 61)<\/li>\n<li>Kr\u00fcger, S.\u00a0274<\/li>\n<li>MK, S.\u00a0151 f<\/li>\n<li>ZB, S.\u00a0123<\/li>\n<li>Zitelmann, S.\u00a0330<\/li>\n<li>Monologe im F\u00fchrerhauptquartier, nach: Zitelmann, S.\u00a0323<\/li>\n<li>nach: Zitelmann, S.\u00a0318<\/li>\n<li>Zitelmann, S.\u00a0322 f<\/li>\n<li>Saldern, S.\u00a0243<\/li>\n<li>Saldern, S.\u00a0238<\/li>\n<li>MK, S.\u00a0256<\/li>\n<li>MK, S.\u00a0228, 232 f<\/li>\n<li>MK, S.\u00a0164 f<\/li>\n<li>Zitelmann, S.\u00a0221<\/li>\n<li>Georg, S.\u00a0146<\/li>\n<li>Zitelmann, S.\u00a0261<\/li>\n<li>Zitelmann, S.\u00a0250 &#8211; 264<\/li>\n<li>dazu auch <i>Kapital &#8211; Monopol &#8211; Staat<\/i> (Thesen der AG Politische \u00d6konomie), in: AzD 59, S.\u00a07\/8<\/li>\n<li>Barkai, S.\u00a071<\/li>\n<li>nach: Barkai, S.\u00a092<\/li>\n<li>nach: Zitelmann, S.\u00a0330<\/li>\n<\/ol>\n<\/li>\n<\/ol>\n<p>&nbsp;<\/p>\n<ol>\n<li style=\"list-style-type: none;\">\n<ol>\n<li><i>Von der Kriegs- zur Sozialwirtschaft<\/i>, Jahrbuch 1940\/41 des Arbeitswissenschaftlichen Instituts der DAF; nach: Herbst, S.\u00a0152<\/li>\n<li>Karl Hardach, <i>Wirtschaftsgeschichte Deutschlands im 20. Jahrhundert<\/i>, G\u00f6ttingen 1976, S.\u00a080 f; nach: Zitelmann 1987, S.\u00a0231<\/li>\n<li>MK, S.\u00a0736<\/li>\n<li>MK, S.\u00a0151 f<\/li>\n<li>MK, S.\u00a0744 f<\/li>\n<li>MK, S.\u00a0747<\/li>\n<li>MK, S.\u00a0742<\/li>\n<li>MK, S.\u00a0157, 154<\/li>\n<li>MK, S.\u00a0702<\/li>\n<li>MK, S.\u00a0704<\/li>\n<li>MK, S.\u00a0741<\/li>\n<li>MK, S.\u00a0704<\/li>\n<li>MK, S.\u00a0755 ff<\/li>\n<li>ZB, S.\u00a0125 &#8211; 132<\/li>\n<li>MK, S.\u00a0723<\/li>\n<li>MK, S.\u00a0154<\/li>\n<\/ol>\n<\/li>\n<\/ol>\n<p>&nbsp;<\/p>\n<ol>\n<li style=\"list-style-type: none;\">\n<ol>\n<li><i>Ho\u00dfbach-Niederschrift<\/i>; nach: Kr\u00fcger, S.\u00a0280<\/li>\n<li>MK 742 f<\/li>\n<\/ol>\n<\/li>\n<\/ol>\n<p>&nbsp;<\/p>\n<ol>\n<li style=\"list-style-type: none;\">\n<ol>\n<li><i>Monologe im F\u00fchrerhauptquartier<\/i>, Juli bis September 1941; nach: Zitelmann, S.\u00a0302 f<\/li>\n<li>Hillgruber 1988, S.\u00a0232<\/li>\n<li>Hillgruber 1988, S.\u00a0232<\/li>\n<li>nach: Bracher 1980, S.\u00a0447<\/li>\n<li>nach: Hillgruber 1988, S.\u00a0318<\/li>\n<li>zum folgenden Hillgruber, <i>Deutschland und Polen in der internationalen Politik 1933 &#8211; 1939<\/i>, in: Hillgruber 1988, S.\u00a0147 &#8211; 168<\/li>\n<li>Hillgruber 1980, S.\u00a043 f<\/li>\n<li>Hillgruber 1985, S.\u00a049<\/li>\n<li>Thies, S.\u00a0149 &#8211; 163<\/li>\n<li>Lange, S.\u00a0131<\/li>\n<li>Nolte 1979, S.\u00a055<\/li>\n<li>MK, S.\u00a021, 71<\/li>\n<li>MK, S.\u00a0188<\/li>\n<li>MK, S.\u00a0418<\/li>\n<li>J\u00e4ckel, S.\u00a0127<\/li>\n<li>MK, S.\u00a071<\/li>\n<li>MK, S.\u00a0231 f<\/li>\n<li>MK, S.\u00a0137<\/li>\n<li>MK, S.\u00a0146 &#8211; 150<\/li>\n<li>Ruge 1983, S.\u00a016<\/li>\n<li>J\u00e4ckel, S.\u00a0135<\/li>\n<li>Reinhard K\u00fchnl, <i>Formen b\u00fcrgerlicher Herrschaft. Liberalismus &#8211; Faschismus<\/i>, Reinbek b. Hamburg 1971<\/li>\n<li>Hildebrand: <i>Deutsche Au\u00dfenpolitik 1933 &#8211; 1945. Kalk\u00fcl oder Dogma?<\/i> sowie Hillgruber: <i>Hitlers Strategie. Politik und Kriegf\u00fchrung 1940 \u2013 1941<\/i><\/li>\n<\/ol>\n<\/li>\n<\/ol>\n<p>&nbsp;<\/p>\n<hr \/>\n<p>Zuerst ver\u00f6ffentlicht in: Aufs\u00e4tze zur Diskussion (AzD), 17. Jg., Nr. 61, Mai 1995. <a href=\"file:\/\/\/Users\/pdietrich\/Documents\/kommmunistische%20debatte\/bestellung.html\" target=\"_blank\" rel=\"noopener\">Information und Bestellformular &#8230;<\/a><\/p>\n<\/div>\n<p>&nbsp;<\/p>\n","protected":false},"excerpt":{"rendered":"<p>Literatur Barkai, Avraham: Das Wirtschaftssystem des Nationalsozialismus. Ideologie, Theorie, Politik 1933-1945, Frankfurt 1988 Bracher, Karl Dietrich: Die deutsche Diktatur. Entstehung, Struktur, Folgen des Nationalsozialismus, K\u00f6ln 1980 Bracher, K. D.\/Funke, Manfred\/Jacobsen, Hans-Adolf (Hrsg.): Deutschland 1933 &#8211; 1945. Neue Studien zur nationalsozialistischen Herrschaft, Bonn (2. Auflage) 1993 Buchheim, Hans\/Broszat, Martin\/Jacobsen, Hans-Adolf\/Krausnick, Helmut: Anatomie des SS-Staates, M\u00fcnchen (6. &hellip; <a href=\"https:\/\/kommunistische-debatte.de\/?page_id=253\" class=\"more-link\"><span class=\"screen-reader-text\">Literatur und Anmerkungen<\/span> weiterlesen<\/a><\/p>\n","protected":false},"author":1,"featured_media":0,"parent":0,"menu_order":0,"comment_status":"closed","ping_status":"closed","template":"","meta":{"footnotes":""},"class_list":["post-253","page","type-page","status-publish","hentry"],"_links":{"self":[{"href":"https:\/\/kommunistische-debatte.de\/index.php?rest_route=\/wp\/v2\/pages\/253","targetHints":{"allow":["GET"]}}],"collection":[{"href":"https:\/\/kommunistische-debatte.de\/index.php?rest_route=\/wp\/v2\/pages"}],"about":[{"href":"https:\/\/kommunistische-debatte.de\/index.php?rest_route=\/wp\/v2\/types\/page"}],"author":[{"embeddable":true,"href":"https:\/\/kommunistische-debatte.de\/index.php?rest_route=\/wp\/v2\/users\/1"}],"replies":[{"embeddable":true,"href":"https:\/\/kommunistische-debatte.de\/index.php?rest_route=%2Fwp%2Fv2%2Fcomments&post=253"}],"version-history":[{"count":6,"href":"https:\/\/kommunistische-debatte.de\/index.php?rest_route=\/wp\/v2\/pages\/253\/revisions"}],"predecessor-version":[{"id":789,"href":"https:\/\/kommunistische-debatte.de\/index.php?rest_route=\/wp\/v2\/pages\/253\/revisions\/789"}],"wp:attachment":[{"href":"https:\/\/kommunistische-debatte.de\/index.php?rest_route=%2Fwp%2Fv2%2Fmedia&parent=253"}],"curies":[{"name":"wp","href":"https:\/\/api.w.org\/{rel}","templated":true}]}}