{"id":2478,"date":"2022-08-17T11:54:13","date_gmt":"2022-08-17T09:54:13","guid":{"rendered":"https:\/\/kommunistische-debatte.de\/?page_id=2478"},"modified":"2022-08-17T11:54:13","modified_gmt":"2022-08-17T09:54:13","slug":"april-1989-endzeit-des-kapitals","status":"publish","type":"page","link":"https:\/\/kommunistische-debatte.de\/?page_id=2478","title":{"rendered":"April 1989 &#8211; Endzeit des Kapitals"},"content":{"rendered":"<p><img loading=\"lazy\" decoding=\"async\" class=\"alignnone size-full wp-image-2476 aligncenter\" src=\"http:\/\/kommunistische-debatte.de\/wp-content\/uploads\/Titel47.gif\" alt=\"\" width=\"210\" height=\"285\" \/><\/p>\n<p style=\"text-align: center;\">Vorbemerkung der Redaktion<\/p>\n<table style=\"border-collapse: collapse; width: 100%;\">\n<tbody>\n<tr>\n<td style=\"width: 24.3939%;\"><span style=\"font-size: 12pt;\">Robert Schlosser<\/span><\/td>\n<td style=\"width: 68.1818%;\">Kritik an Erwin Maurers Gro\u00dfmann-Kritik<\/td>\n<td style=\"width: 7.4242%; text-align: right;\">6<\/td>\n<\/tr>\n<tr>\n<td style=\"width: 24.3939%;\"><span style=\"font-size: 12pt;\">Michael Vogt<\/span><\/td>\n<td style=\"width: 68.1818%;\">\u00dcber den Begriff des &#8222;Marxismus-Leninismus&#8220;<\/td>\n<td style=\"width: 7.4242%; text-align: right;\">40<\/td>\n<\/tr>\n<tr>\n<td style=\"width: 24.3939%;\"><span style=\"font-size: 12pt;\">Rezensionen<\/span><\/td>\n<td style=\"width: 68.1818%;\">Willi Dickhut: Materialistische Dialektik und b\u00fcrgerliche Naturwissenschaft<\/td>\n<td style=\"width: 7.4242%; text-align: right;\">56<\/td>\n<\/tr>\n<tr>\n<td style=\"width: 24.3939%;\"><span style=\"font-size: 12pt;\">Neuerscheinungen<\/span><\/td>\n<td style=\"width: 68.1818%;\">HINTERGRUND: Marxistische Zeitschrift f\u00fcr Gesellschaftstheorie und Politik<\/td>\n<td style=\"width: 7.4242%; text-align: right;\">68<\/td>\n<\/tr>\n<tr>\n<td style=\"width: 24.3939%;\"><span style=\"font-size: 12pt;\">Dokumentation<\/span><\/td>\n<td style=\"width: 68.1818%;\">KB: der KB und die Linke<\/td>\n<td style=\"width: 7.4242%; text-align: right;\">71<\/td>\n<\/tr>\n<\/tbody>\n<\/table>\n<p>Die Ausgabe liegt nur als <a href=\"http:\/\/kommunistische-debatte.de\/wp-content\/uploads\/AzD47.pdf\">PDF<\/a> vor.<\/p>\n","protected":false},"excerpt":{"rendered":"<p>Vorbemerkung der Redaktion Robert Schlosser Kritik an Erwin Maurers Gro\u00dfmann-Kritik 6 Michael Vogt \u00dcber den Begriff des &#8222;Marxismus-Leninismus&#8220; 40 Rezensionen Willi Dickhut: Materialistische Dialektik und b\u00fcrgerliche Naturwissenschaft 56 Neuerscheinungen HINTERGRUND: Marxistische Zeitschrift f\u00fcr Gesellschaftstheorie und Politik 68 Dokumentation KB: der KB und die Linke 71 Die Ausgabe liegt nur als PDF vor.<\/p>\n","protected":false},"author":1,"featured_media":0,"parent":0,"menu_order":0,"comment_status":"closed","ping_status":"closed","template":"","meta":{"footnotes":""},"class_list":["post-2478","page","type-page","status-publish","hentry"],"_links":{"self":[{"href":"https:\/\/kommunistische-debatte.de\/index.php?rest_route=\/wp\/v2\/pages\/2478","targetHints":{"allow":["GET"]}}],"collection":[{"href":"https:\/\/kommunistische-debatte.de\/index.php?rest_route=\/wp\/v2\/pages"}],"about":[{"href":"https:\/\/kommunistische-debatte.de\/index.php?rest_route=\/wp\/v2\/types\/page"}],"author":[{"embeddable":true,"href":"https:\/\/kommunistische-debatte.de\/index.php?rest_route=\/wp\/v2\/users\/1"}],"replies":[{"embeddable":true,"href":"https:\/\/kommunistische-debatte.de\/index.php?rest_route=%2Fwp%2Fv2%2Fcomments&post=2478"}],"version-history":[{"count":9,"href":"https:\/\/kommunistische-debatte.de\/index.php?rest_route=\/wp\/v2\/pages\/2478\/revisions"}],"predecessor-version":[{"id":2491,"href":"https:\/\/kommunistische-debatte.de\/index.php?rest_route=\/wp\/v2\/pages\/2478\/revisions\/2491"}],"wp:attachment":[{"href":"https:\/\/kommunistische-debatte.de\/index.php?rest_route=%2Fwp%2Fv2%2Fmedia&parent=2478"}],"curies":[{"name":"wp","href":"https:\/\/api.w.org\/{rel}","templated":true}]}}